{"id":6048,"date":"2026-04-10T19:45:06","date_gmt":"2026-04-10T17:45:06","guid":{"rendered":"https:\/\/egiarecords.com\/?post_type=product&#038;p=6048"},"modified":"2026-04-10T20:02:36","modified_gmt":"2026-04-10T18:02:36","slug":"el-columpio-asesino-diamantes-2","status":"publish","type":"product","link":"https:\/\/egiarecords.com\/eu\/denda\/el-columpio-asesino-diamantes-2\/","title":{"rendered":"El Columpio Asesino &#8211; Diamantes (Negro)"},"content":{"rendered":"<table class=\"v1MsoNormalTable\" border=\"0\" width=\"100%\" cellpadding=\"0\">\n<tbody>\n<tr>\n<td>\n<p class=\"v1MsoNormal\">En abril de 2026 llega la reedici\u00f3n en vinilo por el 15\u00ba aniversario del lanzamiento del disco, en vinilo negro y en una tirada limitada de s\u00f3lo 300 unidades en color Call me peach.<\/p>\n<p>Un must de la escena de los \u00faltimos a\u00f1os que incluye el cl\u00e1sico \u201cToro\u201d, y que fue premiado en su momento con cinco Premios MIN, un hito al alcance de muy pocos.<\/td>\n<td><\/td>\n<\/tr>\n<tr>\n<td>\n<p class=\"v1MsoNormal\">TRACKLIST<\/p>\n<\/td>\n<td><\/td>\n<\/tr>\n<tr>\n<td>\n<p class=\"v1MsoNormal\">01 | Perlas;02 | Toro;03 | Diamantes;04 | Coraz\u00f3n anguloso;05 | On the floor;06 | Dime que nunca lo has pensado;07 | MGMT;08 | Cisne de cristal;09 | MDMA;<\/p>\n<\/td>\n<\/tr>\n<\/tbody>\n<\/table>\n","protected":false},"excerpt":{"rendered":"<p>En abril de 2026 llega la reedici\u00f3n en vinilo por el 15\u00ba aniversario del lanzamiento del disco, en vinilo negro y en una tirada limitada de s\u00f3lo 300 unidades en color Call me peach. Un must de la escena de los \u00faltimos a\u00f1os que incluye el cl\u00e1sico \u201cToro\u201d, y que fue premiado en su momento [&hellip;]<\/p>\n","protected":false},"featured_media":6053,"template":"","meta":[],"product_brand":[],"product_cat":[689],"product_tag":[],"sello":[95],"artista":[937],"class_list":{"0":"post-6048","1":"product","2":"type-product","3":"status-publish","4":"has-post-thumbnail","6":"product_cat-vinilos","7":"sello-mushroom-pillow","8":"artista-el-columpio-asesino","9":"fecha-306","10":"estilo-indie-rock","12":"first","13":"instock","14":"taxable","15":"shipping-taxable","16":"purchasable","17":"product-type-simple"},"_links":{"self":[{"href":"https:\/\/egiarecords.com\/eu\/wp-json\/wp\/v2\/product\/6048","targetHints":{"allow":["GET"]}}],"collection":[{"href":"https:\/\/egiarecords.com\/eu\/wp-json\/wp\/v2\/product"}],"about":[{"href":"https:\/\/egiarecords.com\/eu\/wp-json\/wp\/v2\/types\/product"}],"wp:featuredmedia":[{"embeddable":true,"href":"https:\/\/egiarecords.com\/eu\/wp-json\/wp\/v2\/media\/6053"}],"wp:attachment":[{"href":"https:\/\/egiarecords.com\/eu\/wp-json\/wp\/v2\/media?parent=6048"}],"wp:term":[{"taxonomy":"product_brand","embeddable":true,"href":"https:\/\/egiarecords.com\/eu\/wp-json\/wp\/v2\/product_brand?post=6048"},{"taxonomy":"product_cat","embeddable":true,"href":"https:\/\/egiarecords.com\/eu\/wp-json\/wp\/v2\/product_cat?post=6048"},{"taxonomy":"product_tag","embeddable":true,"href":"https:\/\/egiarecords.com\/eu\/wp-json\/wp\/v2\/product_tag?post=6048"},{"taxonomy":"sello","embeddable":true,"href":"https:\/\/egiarecords.com\/eu\/wp-json\/wp\/v2\/sello?post=6048"},{"taxonomy":"artista","embeddable":true,"href":"https:\/\/egiarecords.com\/eu\/wp-json\/wp\/v2\/artista?post=6048"}],"curies":[{"name":"wp","href":"https:\/\/api.w.org\/{rel}","templated":true}]}}