{"id":6038,"date":"2026-04-10T19:01:52","date_gmt":"2026-04-10T17:01:52","guid":{"rendered":"https:\/\/egiarecords.com\/?post_type=product&#038;p=6038"},"modified":"2026-04-10T19:02:14","modified_gmt":"2026-04-10T17:02:14","slug":"the-specials-encore","status":"publish","type":"product","link":"https:\/\/egiarecords.com\/eu\/denda\/the-specials-encore\/","title":{"rendered":"The Specials &#8211; Encore"},"content":{"rendered":"<p>Logrando su primer n\u00famero uno en el Reino Unido cuarenta a\u00f1os despu\u00e9s de su debut, <i data-path-to-node=\"2,2,0\" data-index-in-node=\"100\">Encore<\/i> consolid\u00f3 el legado de The Specials como la conciencia musical brit\u00e1nica, abordando temas como el racismo y la salud mental con una madurez impresionante<\/p>\n","protected":false},"excerpt":{"rendered":"<p>Logrando su primer n\u00famero uno en el Reino Unido cuarenta a\u00f1os despu\u00e9s de su debut, Encore consolid\u00f3 el legado de The Specials como la conciencia musical brit\u00e1nica, abordando temas como el racismo y la salud mental con una madurez impresionante<\/p>\n","protected":false},"featured_media":6041,"template":"","meta":[],"product_brand":[],"product_cat":[689],"product_tag":[],"sello":[885,911],"artista":[1700],"class_list":{"0":"post-6038","1":"product","2":"type-product","3":"status-publish","4":"has-post-thumbnail","6":"product_cat-vinilos","7":"sello-island-records","8":"sello-umc","9":"artista-the-specials","10":"fecha-320","11":"estilo-new-wave","12":"estilo-ska","14":"first","15":"instock","16":"taxable","17":"shipping-taxable","18":"purchasable","19":"product-type-simple"},"_links":{"self":[{"href":"https:\/\/egiarecords.com\/eu\/wp-json\/wp\/v2\/product\/6038","targetHints":{"allow":["GET"]}}],"collection":[{"href":"https:\/\/egiarecords.com\/eu\/wp-json\/wp\/v2\/product"}],"about":[{"href":"https:\/\/egiarecords.com\/eu\/wp-json\/wp\/v2\/types\/product"}],"wp:featuredmedia":[{"embeddable":true,"href":"https:\/\/egiarecords.com\/eu\/wp-json\/wp\/v2\/media\/6041"}],"wp:attachment":[{"href":"https:\/\/egiarecords.com\/eu\/wp-json\/wp\/v2\/media?parent=6038"}],"wp:term":[{"taxonomy":"product_brand","embeddable":true,"href":"https:\/\/egiarecords.com\/eu\/wp-json\/wp\/v2\/product_brand?post=6038"},{"taxonomy":"product_cat","embeddable":true,"href":"https:\/\/egiarecords.com\/eu\/wp-json\/wp\/v2\/product_cat?post=6038"},{"taxonomy":"product_tag","embeddable":true,"href":"https:\/\/egiarecords.com\/eu\/wp-json\/wp\/v2\/product_tag?post=6038"},{"taxonomy":"sello","embeddable":true,"href":"https:\/\/egiarecords.com\/eu\/wp-json\/wp\/v2\/sello?post=6038"},{"taxonomy":"artista","embeddable":true,"href":"https:\/\/egiarecords.com\/eu\/wp-json\/wp\/v2\/artista?post=6038"}],"curies":[{"name":"wp","href":"https:\/\/api.w.org\/{rel}","templated":true}]}}