{"id":6033,"date":"2026-04-10T18:59:51","date_gmt":"2026-04-10T16:59:51","guid":{"rendered":"https:\/\/egiarecords.com\/?post_type=product&#038;p=6033"},"modified":"2026-04-10T19:00:49","modified_gmt":"2026-04-10T17:00:49","slug":"nelly-furtado-loose","status":"publish","type":"product","link":"https:\/\/egiarecords.com\/eu\/denda\/nelly-furtado-loose\/","title":{"rendered":"Nelly Furtado &#8211; Loose"},"content":{"rendered":"<p>El disco es una clase magistral de producci\u00f3n hipn\u00f3tica y futurista, llena de ritmos potentes y estribillos adictivos en \u00e9xitos masivos como &#8216;Promiscuous&#8217;, &#8216;Maneater&#8217; y &#8216;Say It Right&#8217;<\/p>\n","protected":false},"excerpt":{"rendered":"<p>El disco es una clase magistral de producci\u00f3n hipn\u00f3tica y futurista, llena de ritmos potentes y estribillos adictivos en \u00e9xitos masivos como &#8216;Promiscuous&#8217;, &#8216;Maneater&#8217; y &#8216;Say It Right&#8217;<\/p>\n","protected":false},"featured_media":6036,"template":"","meta":[],"product_brand":[],"product_cat":[689],"product_tag":[],"sello":[970,1048],"artista":[1699],"class_list":{"0":"post-6033","1":"product","2":"type-product","3":"status-publish","4":"has-post-thumbnail","6":"product_cat-vinilos","7":"sello-geffen-records","8":"sello-ume","9":"artista-nelly-furtado","10":"fecha-306","11":"estilo-contemporary-rb","12":"estilo-dance-pop","13":"estilo-latin-pop","14":"estilo-pop-rap","16":"first","17":"instock","18":"taxable","19":"shipping-taxable","20":"purchasable","21":"product-type-simple"},"_links":{"self":[{"href":"https:\/\/egiarecords.com\/eu\/wp-json\/wp\/v2\/product\/6033","targetHints":{"allow":["GET"]}}],"collection":[{"href":"https:\/\/egiarecords.com\/eu\/wp-json\/wp\/v2\/product"}],"about":[{"href":"https:\/\/egiarecords.com\/eu\/wp-json\/wp\/v2\/types\/product"}],"wp:featuredmedia":[{"embeddable":true,"href":"https:\/\/egiarecords.com\/eu\/wp-json\/wp\/v2\/media\/6036"}],"wp:attachment":[{"href":"https:\/\/egiarecords.com\/eu\/wp-json\/wp\/v2\/media?parent=6033"}],"wp:term":[{"taxonomy":"product_brand","embeddable":true,"href":"https:\/\/egiarecords.com\/eu\/wp-json\/wp\/v2\/product_brand?post=6033"},{"taxonomy":"product_cat","embeddable":true,"href":"https:\/\/egiarecords.com\/eu\/wp-json\/wp\/v2\/product_cat?post=6033"},{"taxonomy":"product_tag","embeddable":true,"href":"https:\/\/egiarecords.com\/eu\/wp-json\/wp\/v2\/product_tag?post=6033"},{"taxonomy":"sello","embeddable":true,"href":"https:\/\/egiarecords.com\/eu\/wp-json\/wp\/v2\/sello?post=6033"},{"taxonomy":"artista","embeddable":true,"href":"https:\/\/egiarecords.com\/eu\/wp-json\/wp\/v2\/artista?post=6033"}],"curies":[{"name":"wp","href":"https:\/\/api.w.org\/{rel}","templated":true}]}}