{"id":6027,"date":"2026-04-10T18:54:35","date_gmt":"2026-04-10T16:54:35","guid":{"rendered":"https:\/\/egiarecords.com\/?post_type=product&#038;p=6027"},"modified":"2026-04-22T20:15:39","modified_gmt":"2026-04-22T18:15:39","slug":"the-weeknd-the-highlights","status":"publish","type":"product","link":"https:\/\/egiarecords.com\/eu\/denda\/the-weeknd-the-highlights\/","title":{"rendered":"The Weeknd &#8211; The Highlights"},"content":{"rendered":"<p>El \u00e1lbum es una sucesi\u00f3n de hits que definen una \u00e9poca, mezclando sintetizadores ochenteros, ritmos trap y esa voz angelical en temas como &#8216;Blinding Lights&#8217;, &#8216;Starboy&#8217; y &#8216;The Hills<\/p>\n","protected":false},"excerpt":{"rendered":"<p>El \u00e1lbum es una sucesi\u00f3n de hits que definen una \u00e9poca, mezclando sintetizadores ochenteros, ritmos trap y esa voz angelical en temas como &#8216;Blinding Lights&#8217;, &#8216;Starboy&#8217; y &#8216;The Hills<\/p>\n","protected":false},"featured_media":6031,"template":"","meta":[],"product_brand":[],"product_cat":[689],"product_tag":[],"sello":[952,1698],"artista":[1697],"class_list":{"0":"post-6027","1":"product","2":"type-product","3":"status-publish","4":"has-post-thumbnail","6":"product_cat-vinilos","7":"sello-republic-records","8":"sello-xo","9":"artista-the-weeknd","10":"fecha-312","11":"estilo-contemporary-rb","12":"estilo-dance-pop","13":"estilo-disco","14":"estilo-new-wave","15":"estilo-pop-rap","16":"estilo-synth-pop","17":"estilo-synthwave","19":"first","20":"instock","21":"taxable","22":"shipping-taxable","23":"purchasable","24":"product-type-simple"},"_links":{"self":[{"href":"https:\/\/egiarecords.com\/eu\/wp-json\/wp\/v2\/product\/6027","targetHints":{"allow":["GET"]}}],"collection":[{"href":"https:\/\/egiarecords.com\/eu\/wp-json\/wp\/v2\/product"}],"about":[{"href":"https:\/\/egiarecords.com\/eu\/wp-json\/wp\/v2\/types\/product"}],"wp:featuredmedia":[{"embeddable":true,"href":"https:\/\/egiarecords.com\/eu\/wp-json\/wp\/v2\/media\/6031"}],"wp:attachment":[{"href":"https:\/\/egiarecords.com\/eu\/wp-json\/wp\/v2\/media?parent=6027"}],"wp:term":[{"taxonomy":"product_brand","embeddable":true,"href":"https:\/\/egiarecords.com\/eu\/wp-json\/wp\/v2\/product_brand?post=6027"},{"taxonomy":"product_cat","embeddable":true,"href":"https:\/\/egiarecords.com\/eu\/wp-json\/wp\/v2\/product_cat?post=6027"},{"taxonomy":"product_tag","embeddable":true,"href":"https:\/\/egiarecords.com\/eu\/wp-json\/wp\/v2\/product_tag?post=6027"},{"taxonomy":"sello","embeddable":true,"href":"https:\/\/egiarecords.com\/eu\/wp-json\/wp\/v2\/sello?post=6027"},{"taxonomy":"artista","embeddable":true,"href":"https:\/\/egiarecords.com\/eu\/wp-json\/wp\/v2\/artista?post=6027"}],"curies":[{"name":"wp","href":"https:\/\/api.w.org\/{rel}","templated":true}]}}