{"id":6023,"date":"2026-04-10T18:50:42","date_gmt":"2026-04-10T16:50:42","guid":{"rendered":"https:\/\/egiarecords.com\/?post_type=product&#038;p=6023"},"modified":"2026-04-10T18:50:51","modified_gmt":"2026-04-10T16:50:51","slug":"vance-joy-dream-your-life-away-10th-anniversary-edition","status":"publish","type":"product","link":"https:\/\/egiarecords.com\/eu\/denda\/vance-joy-dream-your-life-away-10th-anniversary-edition\/","title":{"rendered":"Vance Joy &#8211; Dream Your Life Away (10th Anniversary Edition)"},"content":{"rendered":"<p>Una d\u00e9cada despu\u00e9s, este \u00e1lbum sigue siendo un referente del indie-folk contempor\u00e1neo, demostrando que las buenas canciones son atemporales y capaces de evocar veranos interminables sin importar cu\u00e1nto tiempo pase<\/p>\n","protected":false},"excerpt":{"rendered":"<p>Una d\u00e9cada despu\u00e9s, este \u00e1lbum sigue siendo un referente del indie-folk contempor\u00e1neo, demostrando que las buenas canciones son atemporales y capaces de evocar veranos interminables sin importar cu\u00e1nto tiempo pase<\/p>\n","protected":false},"featured_media":6025,"template":"","meta":[],"product_brand":[],"product_cat":[689],"product_tag":[],"sello":[1696],"artista":[1695],"class_list":{"0":"post-6023","1":"product","2":"type-product","3":"status-publish","4":"has-post-thumbnail","6":"product_cat-vinilos","7":"sello-atlantic-recording-corporation","8":"artista-vance-joy","9":"fecha-334","10":"estilo-acoustic","11":"estilo-folk","12":"estilo-indie-rock","14":"first","15":"instock","16":"taxable","17":"shipping-taxable","18":"purchasable","19":"product-type-simple"},"_links":{"self":[{"href":"https:\/\/egiarecords.com\/eu\/wp-json\/wp\/v2\/product\/6023","targetHints":{"allow":["GET"]}}],"collection":[{"href":"https:\/\/egiarecords.com\/eu\/wp-json\/wp\/v2\/product"}],"about":[{"href":"https:\/\/egiarecords.com\/eu\/wp-json\/wp\/v2\/types\/product"}],"wp:featuredmedia":[{"embeddable":true,"href":"https:\/\/egiarecords.com\/eu\/wp-json\/wp\/v2\/media\/6025"}],"wp:attachment":[{"href":"https:\/\/egiarecords.com\/eu\/wp-json\/wp\/v2\/media?parent=6023"}],"wp:term":[{"taxonomy":"product_brand","embeddable":true,"href":"https:\/\/egiarecords.com\/eu\/wp-json\/wp\/v2\/product_brand?post=6023"},{"taxonomy":"product_cat","embeddable":true,"href":"https:\/\/egiarecords.com\/eu\/wp-json\/wp\/v2\/product_cat?post=6023"},{"taxonomy":"product_tag","embeddable":true,"href":"https:\/\/egiarecords.com\/eu\/wp-json\/wp\/v2\/product_tag?post=6023"},{"taxonomy":"sello","embeddable":true,"href":"https:\/\/egiarecords.com\/eu\/wp-json\/wp\/v2\/sello?post=6023"},{"taxonomy":"artista","embeddable":true,"href":"https:\/\/egiarecords.com\/eu\/wp-json\/wp\/v2\/artista?post=6023"}],"curies":[{"name":"wp","href":"https:\/\/api.w.org\/{rel}","templated":true}]}}