{"id":6011,"date":"2026-04-10T18:04:43","date_gmt":"2026-04-10T16:04:43","guid":{"rendered":"https:\/\/egiarecords.com\/?post_type=product&#038;p=6011"},"modified":"2026-04-10T18:05:23","modified_gmt":"2026-04-10T16:05:23","slug":"bombay-bicycle-club-everything-else-has-gone-wrong","status":"publish","type":"product","link":"https:\/\/egiarecords.com\/eu\/denda\/bombay-bicycle-club-everything-else-has-gone-wrong\/","title":{"rendered":"Bombay Bicycle Club &#8211; Everything Else Has Gone Wrong"},"content":{"rendered":"<p>Con canciones como la que da t\u00edtulo al \u00e1lbum o &#8216;Eat, Sleep, Wake (Nothing But You)&#8217;, Bombay Bicycle Club demostr\u00f3 que su capacidad para crear melod\u00edas contagiosas y letras emotivas segu\u00eda intacta, consolid\u00e1ndose como referentes del pop alternativo brit\u00e1nico<\/p>\n","protected":false},"excerpt":{"rendered":"<p>Con canciones como la que da t\u00edtulo al \u00e1lbum o &#8216;Eat, Sleep, Wake (Nothing But You)&#8217;, Bombay Bicycle Club demostr\u00f3 que su capacidad para crear melod\u00edas contagiosas y letras emotivas segu\u00eda intacta, consolid\u00e1ndose como referentes del pop alternativo brit\u00e1nico<\/p>\n","protected":false},"featured_media":6015,"template":"","meta":[],"product_brand":[],"product_cat":[689],"product_tag":[],"sello":[1692],"artista":[1691],"class_list":{"0":"post-6011","1":"product","2":"type-product","3":"status-publish","4":"has-post-thumbnail","6":"product_cat-vinilos","7":"sello-mmm-records","8":"artista-bombay-bicycle-club","9":"fecha-384","10":"estilo-indie-pop","11":"estilo-indie-rock","13":"first","14":"instock","15":"taxable","16":"shipping-taxable","17":"purchasable","18":"product-type-simple"},"_links":{"self":[{"href":"https:\/\/egiarecords.com\/eu\/wp-json\/wp\/v2\/product\/6011","targetHints":{"allow":["GET"]}}],"collection":[{"href":"https:\/\/egiarecords.com\/eu\/wp-json\/wp\/v2\/product"}],"about":[{"href":"https:\/\/egiarecords.com\/eu\/wp-json\/wp\/v2\/types\/product"}],"wp:featuredmedia":[{"embeddable":true,"href":"https:\/\/egiarecords.com\/eu\/wp-json\/wp\/v2\/media\/6015"}],"wp:attachment":[{"href":"https:\/\/egiarecords.com\/eu\/wp-json\/wp\/v2\/media?parent=6011"}],"wp:term":[{"taxonomy":"product_brand","embeddable":true,"href":"https:\/\/egiarecords.com\/eu\/wp-json\/wp\/v2\/product_brand?post=6011"},{"taxonomy":"product_cat","embeddable":true,"href":"https:\/\/egiarecords.com\/eu\/wp-json\/wp\/v2\/product_cat?post=6011"},{"taxonomy":"product_tag","embeddable":true,"href":"https:\/\/egiarecords.com\/eu\/wp-json\/wp\/v2\/product_tag?post=6011"},{"taxonomy":"sello","embeddable":true,"href":"https:\/\/egiarecords.com\/eu\/wp-json\/wp\/v2\/sello?post=6011"},{"taxonomy":"artista","embeddable":true,"href":"https:\/\/egiarecords.com\/eu\/wp-json\/wp\/v2\/artista?post=6011"}],"curies":[{"name":"wp","href":"https:\/\/api.w.org\/{rel}","templated":true}]}}