{"id":6000,"date":"2026-04-10T17:55:32","date_gmt":"2026-04-10T15:55:32","guid":{"rendered":"https:\/\/egiarecords.com\/?post_type=product&#038;p=6000"},"modified":"2026-04-10T17:55:42","modified_gmt":"2026-04-10T15:55:42","slug":"lykke-li-i-never-learn","status":"publish","type":"product","link":"https:\/\/egiarecords.com\/eu\/denda\/lykke-li-i-never-learn\/","title":{"rendered":"Lykke Li &#8211; I Never Learn"},"content":{"rendered":"<p>Con canciones como &#8216;Gunshot&#8217; y &#8216;No Rest for the Wicked&#8217;, Lykke Li se consolid\u00f3 como la reina de la melancol\u00eda pop, creando una obra atemporal que resuena profundamente en cualquiera que haya pasado por una p\u00e9rdida.<\/p>\n","protected":false},"excerpt":{"rendered":"<p>Con canciones como &#8216;Gunshot&#8217; y &#8216;No Rest for the Wicked&#8217;, Lykke Li se consolid\u00f3 como la reina de la melancol\u00eda pop, creando una obra atemporal que resuena profundamente en cualquiera que haya pasado por una p\u00e9rdida.<\/p>\n","protected":false},"featured_media":6004,"template":"","meta":[],"product_brand":[],"product_cat":[689],"product_tag":[],"sello":[841,1688],"artista":[1687],"class_list":{"0":"post-6000","1":"product","2":"type-product","3":"status-publish","4":"has-post-thumbnail","6":"product_cat-vinilos","7":"sello-atlantic","8":"sello-ll-recordings","9":"artista-lykke-li","10":"fecha-356","11":"estilo-indie-pop","12":"estilo-synth-pop","13":"estilo-vocal","15":"first","16":"instock","17":"taxable","18":"shipping-taxable","19":"purchasable","20":"product-type-simple"},"_links":{"self":[{"href":"https:\/\/egiarecords.com\/eu\/wp-json\/wp\/v2\/product\/6000","targetHints":{"allow":["GET"]}}],"collection":[{"href":"https:\/\/egiarecords.com\/eu\/wp-json\/wp\/v2\/product"}],"about":[{"href":"https:\/\/egiarecords.com\/eu\/wp-json\/wp\/v2\/types\/product"}],"wp:featuredmedia":[{"embeddable":true,"href":"https:\/\/egiarecords.com\/eu\/wp-json\/wp\/v2\/media\/6004"}],"wp:attachment":[{"href":"https:\/\/egiarecords.com\/eu\/wp-json\/wp\/v2\/media?parent=6000"}],"wp:term":[{"taxonomy":"product_brand","embeddable":true,"href":"https:\/\/egiarecords.com\/eu\/wp-json\/wp\/v2\/product_brand?post=6000"},{"taxonomy":"product_cat","embeddable":true,"href":"https:\/\/egiarecords.com\/eu\/wp-json\/wp\/v2\/product_cat?post=6000"},{"taxonomy":"product_tag","embeddable":true,"href":"https:\/\/egiarecords.com\/eu\/wp-json\/wp\/v2\/product_tag?post=6000"},{"taxonomy":"sello","embeddable":true,"href":"https:\/\/egiarecords.com\/eu\/wp-json\/wp\/v2\/sello?post=6000"},{"taxonomy":"artista","embeddable":true,"href":"https:\/\/egiarecords.com\/eu\/wp-json\/wp\/v2\/artista?post=6000"}],"curies":[{"name":"wp","href":"https:\/\/api.w.org\/{rel}","templated":true}]}}