{"id":5982,"date":"2026-04-10T13:21:02","date_gmt":"2026-04-10T11:21:02","guid":{"rendered":"https:\/\/egiarecords.com\/?post_type=product&#038;p=5982"},"modified":"2026-04-10T13:21:08","modified_gmt":"2026-04-10T11:21:08","slug":"sade-diamond-life","status":"publish","type":"product","link":"https:\/\/egiarecords.com\/eu\/denda\/sade-diamond-life\/","title":{"rendered":"Sade &#8211; Diamond Life"},"content":{"rendered":"<p>Con una producci\u00f3n cristalina y el saxo omnipresente, el disco gira en torno a la voz magn\u00e9tica de Sade Adu en \u00e9xitos imperecederos como &#8216;Your Love Is King&#8217; o &#8216;Smooth Operator&#8217;<\/p>\n","protected":false},"excerpt":{"rendered":"<p>Con una producci\u00f3n cristalina y el saxo omnipresente, el disco gira en torno a la voz magn\u00e9tica de Sade Adu en \u00e9xitos imperecederos como &#8216;Your Love Is King&#8217; o &#8216;Smooth Operator&#8217;<\/p>\n","protected":false},"featured_media":5983,"template":"","meta":[],"product_brand":[],"product_cat":[689],"product_tag":[],"sello":[523,33],"artista":[1681],"class_list":{"0":"post-5982","1":"product","2":"type-product","3":"status-publish","4":"has-post-thumbnail","6":"product_cat-vinilos","7":"sello-epic","8":"sello-sony-music","9":"artista-sade","10":"fecha-334","11":"estilo-soul","13":"first","14":"instock","15":"taxable","16":"shipping-taxable","17":"purchasable","18":"product-type-simple"},"_links":{"self":[{"href":"https:\/\/egiarecords.com\/eu\/wp-json\/wp\/v2\/product\/5982","targetHints":{"allow":["GET"]}}],"collection":[{"href":"https:\/\/egiarecords.com\/eu\/wp-json\/wp\/v2\/product"}],"about":[{"href":"https:\/\/egiarecords.com\/eu\/wp-json\/wp\/v2\/types\/product"}],"wp:featuredmedia":[{"embeddable":true,"href":"https:\/\/egiarecords.com\/eu\/wp-json\/wp\/v2\/media\/5983"}],"wp:attachment":[{"href":"https:\/\/egiarecords.com\/eu\/wp-json\/wp\/v2\/media?parent=5982"}],"wp:term":[{"taxonomy":"product_brand","embeddable":true,"href":"https:\/\/egiarecords.com\/eu\/wp-json\/wp\/v2\/product_brand?post=5982"},{"taxonomy":"product_cat","embeddable":true,"href":"https:\/\/egiarecords.com\/eu\/wp-json\/wp\/v2\/product_cat?post=5982"},{"taxonomy":"product_tag","embeddable":true,"href":"https:\/\/egiarecords.com\/eu\/wp-json\/wp\/v2\/product_tag?post=5982"},{"taxonomy":"sello","embeddable":true,"href":"https:\/\/egiarecords.com\/eu\/wp-json\/wp\/v2\/sello?post=5982"},{"taxonomy":"artista","embeddable":true,"href":"https:\/\/egiarecords.com\/eu\/wp-json\/wp\/v2\/artista?post=5982"}],"curies":[{"name":"wp","href":"https:\/\/api.w.org\/{rel}","templated":true}]}}