{"id":5978,"date":"2026-04-10T13:19:32","date_gmt":"2026-04-10T11:19:32","guid":{"rendered":"https:\/\/egiarecords.com\/?post_type=product&#038;p=5978"},"modified":"2026-04-10T13:19:40","modified_gmt":"2026-04-10T11:19:40","slug":"sade-lovers-rock","status":"publish","type":"product","link":"https:\/\/egiarecords.com\/eu\/denda\/sade-lovers-rock\/","title":{"rendered":"Sade &#8211; Lovers Rock"},"content":{"rendered":"<p>Es un \u00e1lbum de una madurez exquisita que se aleja del jazz-pop de sus inicios para abrazar ra\u00edces de reggae y soul folcl\u00f3rico, creando una atm\u00f3sfera de intimidad absoluta.<\/p>\n","protected":false},"excerpt":{"rendered":"<p>Es un \u00e1lbum de una madurez exquisita que se aleja del jazz-pop de sus inicios para abrazar ra\u00edces de reggae y soul folcl\u00f3rico, creando una atm\u00f3sfera de intimidad absoluta.<\/p>\n","protected":false},"featured_media":5980,"template":"","meta":[],"product_brand":[],"product_cat":[689],"product_tag":[],"sello":[523,33],"artista":[1681],"class_list":{"0":"post-5978","1":"product","2":"type-product","3":"status-publish","4":"has-post-thumbnail","6":"product_cat-vinilos","7":"sello-epic","8":"sello-sony-music","9":"artista-sade","10":"fecha-334","11":"estilo-downtempo","12":"estilo-lovers-rock","13":"estilo-soul-jazz","15":"first","16":"instock","17":"taxable","18":"shipping-taxable","19":"purchasable","20":"product-type-simple"},"_links":{"self":[{"href":"https:\/\/egiarecords.com\/eu\/wp-json\/wp\/v2\/product\/5978","targetHints":{"allow":["GET"]}}],"collection":[{"href":"https:\/\/egiarecords.com\/eu\/wp-json\/wp\/v2\/product"}],"about":[{"href":"https:\/\/egiarecords.com\/eu\/wp-json\/wp\/v2\/types\/product"}],"wp:featuredmedia":[{"embeddable":true,"href":"https:\/\/egiarecords.com\/eu\/wp-json\/wp\/v2\/media\/5980"}],"wp:attachment":[{"href":"https:\/\/egiarecords.com\/eu\/wp-json\/wp\/v2\/media?parent=5978"}],"wp:term":[{"taxonomy":"product_brand","embeddable":true,"href":"https:\/\/egiarecords.com\/eu\/wp-json\/wp\/v2\/product_brand?post=5978"},{"taxonomy":"product_cat","embeddable":true,"href":"https:\/\/egiarecords.com\/eu\/wp-json\/wp\/v2\/product_cat?post=5978"},{"taxonomy":"product_tag","embeddable":true,"href":"https:\/\/egiarecords.com\/eu\/wp-json\/wp\/v2\/product_tag?post=5978"},{"taxonomy":"sello","embeddable":true,"href":"https:\/\/egiarecords.com\/eu\/wp-json\/wp\/v2\/sello?post=5978"},{"taxonomy":"artista","embeddable":true,"href":"https:\/\/egiarecords.com\/eu\/wp-json\/wp\/v2\/artista?post=5978"}],"curies":[{"name":"wp","href":"https:\/\/api.w.org\/{rel}","templated":true}]}}