{"id":5973,"date":"2026-04-10T13:17:27","date_gmt":"2026-04-10T11:17:27","guid":{"rendered":"https:\/\/egiarecords.com\/?post_type=product&#038;p=5973"},"modified":"2026-04-13T10:28:05","modified_gmt":"2026-04-13T08:28:05","slug":"sade-the-best-of-sade","status":"publish","type":"product","link":"https:\/\/egiarecords.com\/eu\/denda\/sade-the-best-of-sade\/","title":{"rendered":"Sade &#8211; The Best Of Sade"},"content":{"rendered":"<p>Con m\u00e1s de una d\u00e9cada de \u00e9xitos reunidos, este disco no solo consolid\u00f3 a la banda como referente del sonido &#8216;cool&#8217;, sino que se convirti\u00f3 en la banda sonora definitiva de la elegancia urbana de los a\u00f1os 80 y 90<\/p>\n","protected":false},"excerpt":{"rendered":"<p>Con m\u00e1s de una d\u00e9cada de \u00e9xitos reunidos, este disco no solo consolid\u00f3 a la banda como referente del sonido &#8216;cool&#8217;, sino que se convirti\u00f3 en la banda sonora definitiva de la elegancia urbana de los a\u00f1os 80 y 90<\/p>\n","protected":false},"featured_media":5976,"template":"","meta":[],"product_brand":[],"product_cat":[689],"product_tag":[],"sello":[523,33],"artista":[1681],"class_list":{"0":"post-5973","1":"product","2":"type-product","3":"status-publish","4":"has-post-thumbnail","6":"product_cat-vinilos","7":"sello-epic","8":"sello-sony-music","9":"artista-sade","10":"fecha-368","11":"estilo-smooth-jazz","12":"estilo-soul","14":"first","15":"outofstock","16":"taxable","17":"shipping-taxable","18":"purchasable","19":"product-type-simple"},"_links":{"self":[{"href":"https:\/\/egiarecords.com\/eu\/wp-json\/wp\/v2\/product\/5973","targetHints":{"allow":["GET"]}}],"collection":[{"href":"https:\/\/egiarecords.com\/eu\/wp-json\/wp\/v2\/product"}],"about":[{"href":"https:\/\/egiarecords.com\/eu\/wp-json\/wp\/v2\/types\/product"}],"wp:featuredmedia":[{"embeddable":true,"href":"https:\/\/egiarecords.com\/eu\/wp-json\/wp\/v2\/media\/5976"}],"wp:attachment":[{"href":"https:\/\/egiarecords.com\/eu\/wp-json\/wp\/v2\/media?parent=5973"}],"wp:term":[{"taxonomy":"product_brand","embeddable":true,"href":"https:\/\/egiarecords.com\/eu\/wp-json\/wp\/v2\/product_brand?post=5973"},{"taxonomy":"product_cat","embeddable":true,"href":"https:\/\/egiarecords.com\/eu\/wp-json\/wp\/v2\/product_cat?post=5973"},{"taxonomy":"product_tag","embeddable":true,"href":"https:\/\/egiarecords.com\/eu\/wp-json\/wp\/v2\/product_tag?post=5973"},{"taxonomy":"sello","embeddable":true,"href":"https:\/\/egiarecords.com\/eu\/wp-json\/wp\/v2\/sello?post=5973"},{"taxonomy":"artista","embeddable":true,"href":"https:\/\/egiarecords.com\/eu\/wp-json\/wp\/v2\/artista?post=5973"}],"curies":[{"name":"wp","href":"https:\/\/api.w.org\/{rel}","templated":true}]}}