{"id":5966,"date":"2026-04-10T12:40:12","date_gmt":"2026-04-10T10:40:12","guid":{"rendered":"https:\/\/egiarecords.com\/?post_type=product&#038;p=5966"},"modified":"2026-04-10T12:40:20","modified_gmt":"2026-04-10T10:40:20","slug":"ub40-labour-of-love","status":"publish","type":"product","link":"https:\/\/egiarecords.com\/eu\/denda\/ub40-labour-of-love\/","title":{"rendered":"UB40 &#8211; Labour Of Love"},"content":{"rendered":"<p>Es un tributo cargado de respeto y admiraci\u00f3n a los grandes cl\u00e1sicos del reggae que inspiraron a la banda, logrando darles una nueva vida con su caracter\u00edstico toque pop brit\u00e1nico.<\/p>\n","protected":false},"excerpt":{"rendered":"<p>Es un tributo cargado de respeto y admiraci\u00f3n a los grandes cl\u00e1sicos del reggae que inspiraron a la banda, logrando darles una nueva vida con su caracter\u00edstico toque pop brit\u00e1nico.<\/p>\n","protected":false},"featured_media":5969,"template":"","meta":[],"product_brand":[],"product_cat":[689],"product_tag":[],"sello":[1299,605],"artista":[1680],"class_list":{"0":"post-5966","1":"product","2":"type-product","3":"status-publish","4":"has-post-thumbnail","6":"product_cat-vinilos","7":"sello-universal-umc","8":"sello-virgin-emi-records","9":"artista-ub40","10":"fecha-310","11":"estilo-dub","12":"estilo-reggae","13":"estilo-reggae-pop","15":"first","16":"instock","17":"taxable","18":"shipping-taxable","19":"purchasable","20":"product-type-simple"},"_links":{"self":[{"href":"https:\/\/egiarecords.com\/eu\/wp-json\/wp\/v2\/product\/5966","targetHints":{"allow":["GET"]}}],"collection":[{"href":"https:\/\/egiarecords.com\/eu\/wp-json\/wp\/v2\/product"}],"about":[{"href":"https:\/\/egiarecords.com\/eu\/wp-json\/wp\/v2\/types\/product"}],"wp:featuredmedia":[{"embeddable":true,"href":"https:\/\/egiarecords.com\/eu\/wp-json\/wp\/v2\/media\/5969"}],"wp:attachment":[{"href":"https:\/\/egiarecords.com\/eu\/wp-json\/wp\/v2\/media?parent=5966"}],"wp:term":[{"taxonomy":"product_brand","embeddable":true,"href":"https:\/\/egiarecords.com\/eu\/wp-json\/wp\/v2\/product_brand?post=5966"},{"taxonomy":"product_cat","embeddable":true,"href":"https:\/\/egiarecords.com\/eu\/wp-json\/wp\/v2\/product_cat?post=5966"},{"taxonomy":"product_tag","embeddable":true,"href":"https:\/\/egiarecords.com\/eu\/wp-json\/wp\/v2\/product_tag?post=5966"},{"taxonomy":"sello","embeddable":true,"href":"https:\/\/egiarecords.com\/eu\/wp-json\/wp\/v2\/sello?post=5966"},{"taxonomy":"artista","embeddable":true,"href":"https:\/\/egiarecords.com\/eu\/wp-json\/wp\/v2\/artista?post=5966"}],"curies":[{"name":"wp","href":"https:\/\/api.w.org\/{rel}","templated":true}]}}