{"id":5961,"date":"2026-04-10T12:22:32","date_gmt":"2026-04-10T10:22:32","guid":{"rendered":"https:\/\/egiarecords.com\/?post_type=product&#038;p=5961"},"modified":"2026-04-10T12:26:55","modified_gmt":"2026-04-10T10:26:55","slug":"j-j-johnson-the-eminent-jay-jay-johnson-volume-1","status":"publish","type":"product","link":"https:\/\/egiarecords.com\/eu\/denda\/j-j-johnson-the-eminent-jay-jay-johnson-volume-1\/","title":{"rendered":"J.J. Johnson &#8211; The Eminent Jay Jay Johnson Volume 1"},"content":{"rendered":"<p>Es el \u00e1lbum que cambi\u00f3 para siempre la historia del tromb\u00f3n en el jazz, demostrando que este instrumento pod\u00eda sonar tan \u00e1gil, r\u00e1pido y sofisticado como el saxo o la trompeta en plena revoluci\u00f3n bebop.<\/p>\n","protected":false},"excerpt":{"rendered":"<p>Es el \u00e1lbum que cambi\u00f3 para siempre la historia del tromb\u00f3n en el jazz, demostrando que este instrumento pod\u00eda sonar tan \u00e1gil, r\u00e1pido y sofisticado como el saxo o la trompeta en plena revoluci\u00f3n bebop.<\/p>\n","protected":false},"featured_media":5964,"template":"","meta":[],"product_brand":[],"product_cat":[689],"product_tag":[],"sello":[535,1048],"artista":[1679],"class_list":{"0":"post-5961","1":"product","2":"type-product","3":"status-publish","4":"has-post-thumbnail","6":"product_cat-vinilos","7":"sello-blue-note","8":"sello-ume","9":"artista-j-j-johnson","10":"fecha-317","11":"estilo-bop","12":"estilo-hard-bop","14":"first","15":"instock","16":"taxable","17":"shipping-taxable","18":"purchasable","19":"product-type-simple"},"_links":{"self":[{"href":"https:\/\/egiarecords.com\/eu\/wp-json\/wp\/v2\/product\/5961","targetHints":{"allow":["GET"]}}],"collection":[{"href":"https:\/\/egiarecords.com\/eu\/wp-json\/wp\/v2\/product"}],"about":[{"href":"https:\/\/egiarecords.com\/eu\/wp-json\/wp\/v2\/types\/product"}],"wp:featuredmedia":[{"embeddable":true,"href":"https:\/\/egiarecords.com\/eu\/wp-json\/wp\/v2\/media\/5964"}],"wp:attachment":[{"href":"https:\/\/egiarecords.com\/eu\/wp-json\/wp\/v2\/media?parent=5961"}],"wp:term":[{"taxonomy":"product_brand","embeddable":true,"href":"https:\/\/egiarecords.com\/eu\/wp-json\/wp\/v2\/product_brand?post=5961"},{"taxonomy":"product_cat","embeddable":true,"href":"https:\/\/egiarecords.com\/eu\/wp-json\/wp\/v2\/product_cat?post=5961"},{"taxonomy":"product_tag","embeddable":true,"href":"https:\/\/egiarecords.com\/eu\/wp-json\/wp\/v2\/product_tag?post=5961"},{"taxonomy":"sello","embeddable":true,"href":"https:\/\/egiarecords.com\/eu\/wp-json\/wp\/v2\/sello?post=5961"},{"taxonomy":"artista","embeddable":true,"href":"https:\/\/egiarecords.com\/eu\/wp-json\/wp\/v2\/artista?post=5961"}],"curies":[{"name":"wp","href":"https:\/\/api.w.org\/{rel}","templated":true}]}}