{"id":5865,"date":"2026-04-04T14:58:53","date_gmt":"2026-04-04T12:58:53","guid":{"rendered":"https:\/\/egiarecords.com\/?post_type=product&#038;p=5865"},"modified":"2026-04-04T14:58:54","modified_gmt":"2026-04-04T12:58:54","slug":"miss-kittin-the-hacker-first-album","status":"publish","type":"product","link":"https:\/\/egiarecords.com\/eu\/denda\/miss-kittin-the-hacker-first-album\/","title":{"rendered":"Miss Kittin &#038; The Hacker &#8211; First Album"},"content":{"rendered":"<p>Con himnos como &#8216;Frank Sinatra&#8217; y &#8216;1982&#8217;, el \u00e1lbum se convirti\u00f3 en el manifiesto visual y sonoro de una generaci\u00f3n que buscaba glamour en la decadencia electr\u00f3nica.<\/p>\n","protected":false},"excerpt":{"rendered":"<p>Con himnos como &#8216;Frank Sinatra&#8217; y &#8216;1982&#8217;, el \u00e1lbum se convirti\u00f3 en el manifiesto visual y sonoro de una generaci\u00f3n que buscaba glamour en la decadencia electr\u00f3nica.<\/p>\n","protected":false},"featured_media":5869,"template":"","meta":[],"product_brand":[],"product_cat":[689],"product_tag":[],"sello":[1660],"artista":[1659],"class_list":{"0":"post-5865","1":"product","2":"type-product","3":"status-publish","4":"has-post-thumbnail","6":"product_cat-vinilos","7":"sello-nobodys-bizzness","8":"artista-miss-kittin-the-hacker","9":"fecha-317","10":"estilo-electro","11":"estilo-synth-pop","12":"estilo-techno","14":"first","15":"instock","16":"taxable","17":"shipping-taxable","18":"purchasable","19":"product-type-simple"},"_links":{"self":[{"href":"https:\/\/egiarecords.com\/eu\/wp-json\/wp\/v2\/product\/5865","targetHints":{"allow":["GET"]}}],"collection":[{"href":"https:\/\/egiarecords.com\/eu\/wp-json\/wp\/v2\/product"}],"about":[{"href":"https:\/\/egiarecords.com\/eu\/wp-json\/wp\/v2\/types\/product"}],"wp:featuredmedia":[{"embeddable":true,"href":"https:\/\/egiarecords.com\/eu\/wp-json\/wp\/v2\/media\/5869"}],"wp:attachment":[{"href":"https:\/\/egiarecords.com\/eu\/wp-json\/wp\/v2\/media?parent=5865"}],"wp:term":[{"taxonomy":"product_brand","embeddable":true,"href":"https:\/\/egiarecords.com\/eu\/wp-json\/wp\/v2\/product_brand?post=5865"},{"taxonomy":"product_cat","embeddable":true,"href":"https:\/\/egiarecords.com\/eu\/wp-json\/wp\/v2\/product_cat?post=5865"},{"taxonomy":"product_tag","embeddable":true,"href":"https:\/\/egiarecords.com\/eu\/wp-json\/wp\/v2\/product_tag?post=5865"},{"taxonomy":"sello","embeddable":true,"href":"https:\/\/egiarecords.com\/eu\/wp-json\/wp\/v2\/sello?post=5865"},{"taxonomy":"artista","embeddable":true,"href":"https:\/\/egiarecords.com\/eu\/wp-json\/wp\/v2\/artista?post=5865"}],"curies":[{"name":"wp","href":"https:\/\/api.w.org\/{rel}","templated":true}]}}