{"id":5841,"date":"2026-04-04T13:51:20","date_gmt":"2026-04-04T11:51:20","guid":{"rendered":"https:\/\/egiarecords.com\/?post_type=product&#038;p=5841"},"modified":"2026-04-04T13:51:32","modified_gmt":"2026-04-04T11:51:32","slug":"mr-oizo-flat-beat","status":"publish","type":"product","link":"https:\/\/egiarecords.com\/eu\/denda\/mr-oizo-flat-beat\/","title":{"rendered":"Mr. Oizo &#8211; Flat Beat"},"content":{"rendered":"<p>mposible olvidar su v\u00eddeo musical protagonizado por Flat Eric; el tema no solo lleg\u00f3 al n\u00famero 1 en varios pa\u00edses, sino que convirti\u00f3 a Mr. Oizo en un referente de la vanguardia electr\u00f3nica<\/p>\n","protected":false},"excerpt":{"rendered":"<p>mposible olvidar su v\u00eddeo musical protagonizado por Flat Eric; el tema no solo lleg\u00f3 al n\u00famero 1 en varios pa\u00edses, sino que convirti\u00f3 a Mr. Oizo en un referente de la vanguardia electr\u00f3nica<\/p>\n","protected":false},"featured_media":5845,"template":"","meta":[],"product_brand":[],"product_cat":[689],"product_tag":[],"sello":[1656],"artista":[1655],"class_list":{"0":"post-5841","1":"product","2":"type-product","3":"status-publish","4":"has-post-thumbnail","6":"product_cat-vinilos","7":"sello-f-communications","8":"artista-mr-oizo","9":"fecha-1277","10":"estilo-breaks","11":"estilo-electro","12":"estilo-techno","14":"first","15":"instock","16":"taxable","17":"shipping-taxable","18":"purchasable","19":"product-type-simple"},"_links":{"self":[{"href":"https:\/\/egiarecords.com\/eu\/wp-json\/wp\/v2\/product\/5841","targetHints":{"allow":["GET"]}}],"collection":[{"href":"https:\/\/egiarecords.com\/eu\/wp-json\/wp\/v2\/product"}],"about":[{"href":"https:\/\/egiarecords.com\/eu\/wp-json\/wp\/v2\/types\/product"}],"wp:featuredmedia":[{"embeddable":true,"href":"https:\/\/egiarecords.com\/eu\/wp-json\/wp\/v2\/media\/5845"}],"wp:attachment":[{"href":"https:\/\/egiarecords.com\/eu\/wp-json\/wp\/v2\/media?parent=5841"}],"wp:term":[{"taxonomy":"product_brand","embeddable":true,"href":"https:\/\/egiarecords.com\/eu\/wp-json\/wp\/v2\/product_brand?post=5841"},{"taxonomy":"product_cat","embeddable":true,"href":"https:\/\/egiarecords.com\/eu\/wp-json\/wp\/v2\/product_cat?post=5841"},{"taxonomy":"product_tag","embeddable":true,"href":"https:\/\/egiarecords.com\/eu\/wp-json\/wp\/v2\/product_tag?post=5841"},{"taxonomy":"sello","embeddable":true,"href":"https:\/\/egiarecords.com\/eu\/wp-json\/wp\/v2\/sello?post=5841"},{"taxonomy":"artista","embeddable":true,"href":"https:\/\/egiarecords.com\/eu\/wp-json\/wp\/v2\/artista?post=5841"}],"curies":[{"name":"wp","href":"https:\/\/api.w.org\/{rel}","templated":true}]}}