{"id":5802,"date":"2026-04-04T10:39:22","date_gmt":"2026-04-04T08:39:22","guid":{"rendered":"https:\/\/egiarecords.com\/?post_type=product&#038;p=5802"},"modified":"2026-04-04T10:39:34","modified_gmt":"2026-04-04T08:39:34","slug":"rihanna-music-of-the-sun","status":"publish","type":"product","link":"https:\/\/egiarecords.com\/eu\/denda\/rihanna-music-of-the-sun\/","title":{"rendered":"Rihanna &#8211; Music Of The Sun"},"content":{"rendered":"<p>Con el \u00e9xito arrollador de &#8216;Pon de Replay&#8217;, este trabajo puso a Rihanna en el mapa de la m\u00fasica internacional, adelantando la versatilidad que definir\u00eda su carrera posterior.<\/p>\n","protected":false},"excerpt":{"rendered":"<p>Con el \u00e9xito arrollador de &#8216;Pon de Replay&#8217;, este trabajo puso a Rihanna en el mapa de la m\u00fasica internacional, adelantando la versatilidad que definir\u00eda su carrera posterior.<\/p>\n","protected":false},"featured_media":5804,"template":"","meta":[],"product_brand":[],"product_cat":[689],"product_tag":[],"sello":[1129,1141],"artista":[1140],"class_list":{"0":"post-5802","1":"product","2":"type-product","3":"status-publish","4":"has-post-thumbnail","6":"product_cat-vinilos","7":"sello-def-jam-recordings","8":"sello-srp-records","9":"artista-rihanna","10":"fecha-459","11":"estilo-contemporary-rb","12":"estilo-ragga-hiphop","13":"estilo-reggae-pop","15":"first","16":"instock","17":"taxable","18":"shipping-taxable","19":"purchasable","20":"product-type-simple"},"_links":{"self":[{"href":"https:\/\/egiarecords.com\/eu\/wp-json\/wp\/v2\/product\/5802","targetHints":{"allow":["GET"]}}],"collection":[{"href":"https:\/\/egiarecords.com\/eu\/wp-json\/wp\/v2\/product"}],"about":[{"href":"https:\/\/egiarecords.com\/eu\/wp-json\/wp\/v2\/types\/product"}],"wp:featuredmedia":[{"embeddable":true,"href":"https:\/\/egiarecords.com\/eu\/wp-json\/wp\/v2\/media\/5804"}],"wp:attachment":[{"href":"https:\/\/egiarecords.com\/eu\/wp-json\/wp\/v2\/media?parent=5802"}],"wp:term":[{"taxonomy":"product_brand","embeddable":true,"href":"https:\/\/egiarecords.com\/eu\/wp-json\/wp\/v2\/product_brand?post=5802"},{"taxonomy":"product_cat","embeddable":true,"href":"https:\/\/egiarecords.com\/eu\/wp-json\/wp\/v2\/product_cat?post=5802"},{"taxonomy":"product_tag","embeddable":true,"href":"https:\/\/egiarecords.com\/eu\/wp-json\/wp\/v2\/product_tag?post=5802"},{"taxonomy":"sello","embeddable":true,"href":"https:\/\/egiarecords.com\/eu\/wp-json\/wp\/v2\/sello?post=5802"},{"taxonomy":"artista","embeddable":true,"href":"https:\/\/egiarecords.com\/eu\/wp-json\/wp\/v2\/artista?post=5802"}],"curies":[{"name":"wp","href":"https:\/\/api.w.org\/{rel}","templated":true}]}}