{"id":5798,"date":"2026-04-04T10:37:40","date_gmt":"2026-04-04T08:37:40","guid":{"rendered":"https:\/\/egiarecords.com\/?post_type=product&#038;p=5798"},"modified":"2026-04-04T10:39:54","modified_gmt":"2026-04-04T08:39:54","slug":"rihanna-rated-r","status":"publish","type":"product","link":"https:\/\/egiarecords.com\/eu\/denda\/rihanna-rated-r\/","title":{"rendered":"Rihanna &#8211; Rated R"},"content":{"rendered":"<p>Con temas como &#8216;Russian Roulette&#8217; y &#8216;Rude Boy&#8217;, este trabajo demostr\u00f3 su versatilidad art\u00edstica y la consolid\u00f3 como una de las figuras m\u00e1s camale\u00f3nicas e influyentes del pop moderno.<\/p>\n","protected":false},"excerpt":{"rendered":"<p>Con temas como &#8216;Russian Roulette&#8217; y &#8216;Rude Boy&#8217;, este trabajo demostr\u00f3 su versatilidad art\u00edstica y la consolid\u00f3 como una de las figuras m\u00e1s camale\u00f3nicas e influyentes del pop moderno.<\/p>\n","protected":false},"featured_media":5800,"template":"","meta":[],"product_brand":[],"product_cat":[689],"product_tag":[],"sello":[1129,1141],"artista":[1140],"class_list":{"0":"post-5798","1":"product","2":"type-product","3":"status-publish","4":"has-post-thumbnail","6":"product_cat-vinilos","7":"sello-def-jam-recordings","8":"sello-srp-records","9":"artista-rihanna","10":"fecha-368","11":"estilo-contemporary-rb","12":"estilo-pop-rap","14":"first","15":"instock","16":"taxable","17":"shipping-taxable","18":"purchasable","19":"product-type-simple"},"_links":{"self":[{"href":"https:\/\/egiarecords.com\/eu\/wp-json\/wp\/v2\/product\/5798","targetHints":{"allow":["GET"]}}],"collection":[{"href":"https:\/\/egiarecords.com\/eu\/wp-json\/wp\/v2\/product"}],"about":[{"href":"https:\/\/egiarecords.com\/eu\/wp-json\/wp\/v2\/types\/product"}],"wp:featuredmedia":[{"embeddable":true,"href":"https:\/\/egiarecords.com\/eu\/wp-json\/wp\/v2\/media\/5800"}],"wp:attachment":[{"href":"https:\/\/egiarecords.com\/eu\/wp-json\/wp\/v2\/media?parent=5798"}],"wp:term":[{"taxonomy":"product_brand","embeddable":true,"href":"https:\/\/egiarecords.com\/eu\/wp-json\/wp\/v2\/product_brand?post=5798"},{"taxonomy":"product_cat","embeddable":true,"href":"https:\/\/egiarecords.com\/eu\/wp-json\/wp\/v2\/product_cat?post=5798"},{"taxonomy":"product_tag","embeddable":true,"href":"https:\/\/egiarecords.com\/eu\/wp-json\/wp\/v2\/product_tag?post=5798"},{"taxonomy":"sello","embeddable":true,"href":"https:\/\/egiarecords.com\/eu\/wp-json\/wp\/v2\/sello?post=5798"},{"taxonomy":"artista","embeddable":true,"href":"https:\/\/egiarecords.com\/eu\/wp-json\/wp\/v2\/artista?post=5798"}],"curies":[{"name":"wp","href":"https:\/\/api.w.org\/{rel}","templated":true}]}}