{"id":5792,"date":"2026-04-04T10:33:39","date_gmt":"2026-04-04T08:33:39","guid":{"rendered":"https:\/\/egiarecords.com\/?post_type=product&#038;p=5792"},"modified":"2026-04-04T10:33:55","modified_gmt":"2026-04-04T08:33:55","slug":"the-dead-south-good-company","status":"publish","type":"product","link":"https:\/\/egiarecords.com\/eu\/denda\/the-dead-south-good-company\/","title":{"rendered":"The Dead South &#8211; Good Company"},"content":{"rendered":"<p>Con el fen\u00f3meno viral &#8216;In Hell I&#8217;ll Be in Good Company&#8217; como carta de presentaci\u00f3n, este trabajo demostr\u00f3 que el folk tradicional pod\u00eda sonar peligrosamente actual y divertido<\/p>\n","protected":false},"excerpt":{"rendered":"<p>Con el fen\u00f3meno viral &#8216;In Hell I&#8217;ll Be in Good Company&#8217; como carta de presentaci\u00f3n, este trabajo demostr\u00f3 que el folk tradicional pod\u00eda sonar peligrosamente actual y divertido<\/p>\n","protected":false},"featured_media":5796,"template":"","meta":[],"product_brand":[],"product_cat":[689],"product_tag":[],"sello":[1647],"artista":[1646],"class_list":{"0":"post-5792","1":"product","2":"type-product","3":"status-publish","4":"has-post-thumbnail","6":"product_cat-vinilos","7":"sello-six-shooter-records","8":"artista-the-dead-south","9":"fecha-320","11":"first","12":"instock","13":"taxable","14":"shipping-taxable","15":"purchasable","16":"product-type-simple"},"_links":{"self":[{"href":"https:\/\/egiarecords.com\/eu\/wp-json\/wp\/v2\/product\/5792","targetHints":{"allow":["GET"]}}],"collection":[{"href":"https:\/\/egiarecords.com\/eu\/wp-json\/wp\/v2\/product"}],"about":[{"href":"https:\/\/egiarecords.com\/eu\/wp-json\/wp\/v2\/types\/product"}],"wp:featuredmedia":[{"embeddable":true,"href":"https:\/\/egiarecords.com\/eu\/wp-json\/wp\/v2\/media\/5796"}],"wp:attachment":[{"href":"https:\/\/egiarecords.com\/eu\/wp-json\/wp\/v2\/media?parent=5792"}],"wp:term":[{"taxonomy":"product_brand","embeddable":true,"href":"https:\/\/egiarecords.com\/eu\/wp-json\/wp\/v2\/product_brand?post=5792"},{"taxonomy":"product_cat","embeddable":true,"href":"https:\/\/egiarecords.com\/eu\/wp-json\/wp\/v2\/product_cat?post=5792"},{"taxonomy":"product_tag","embeddable":true,"href":"https:\/\/egiarecords.com\/eu\/wp-json\/wp\/v2\/product_tag?post=5792"},{"taxonomy":"sello","embeddable":true,"href":"https:\/\/egiarecords.com\/eu\/wp-json\/wp\/v2\/sello?post=5792"},{"taxonomy":"artista","embeddable":true,"href":"https:\/\/egiarecords.com\/eu\/wp-json\/wp\/v2\/artista?post=5792"}],"curies":[{"name":"wp","href":"https:\/\/api.w.org\/{rel}","templated":true}]}}