{"id":5775,"date":"2026-04-03T19:14:00","date_gmt":"2026-04-03T17:14:00","guid":{"rendered":"https:\/\/egiarecords.com\/?post_type=product&#038;p=5775"},"modified":"2026-04-03T19:16:11","modified_gmt":"2026-04-03T17:16:11","slug":"metallica-master-of-puppets","status":"publish","type":"product","link":"https:\/\/egiarecords.com\/eu\/denda\/metallica-master-of-puppets\/","title":{"rendered":"Metallica &#8211; Master Of Puppets"},"content":{"rendered":"<p>Es el \u00e1lbum que elev\u00f3 al thrash metal a la categor\u00eda de arte, combinando la velocidad desenfrenada con estructuras progresivas y una profundidad l\u00edrica sin precedentes<\/p>\n","protected":false},"excerpt":{"rendered":"<p>Es el \u00e1lbum que elev\u00f3 al thrash metal a la categor\u00eda de arte, combinando la velocidad desenfrenada con estructuras progresivas y una profundidad l\u00edrica sin precedentes<\/p>\n","protected":false},"featured_media":5777,"template":"","meta":[],"product_brand":[],"product_cat":[689],"product_tag":[],"sello":[1466],"artista":[1465],"class_list":{"0":"post-5775","1":"product","2":"type-product","3":"status-publish","4":"has-post-thumbnail","6":"product_cat-vinilos","7":"sello-blackened","8":"artista-metallica","9":"fecha-317","10":"estilo-heavy-metal","11":"estilo-thrash","13":"first","14":"instock","15":"taxable","16":"shipping-taxable","17":"purchasable","18":"product-type-simple"},"_links":{"self":[{"href":"https:\/\/egiarecords.com\/eu\/wp-json\/wp\/v2\/product\/5775","targetHints":{"allow":["GET"]}}],"collection":[{"href":"https:\/\/egiarecords.com\/eu\/wp-json\/wp\/v2\/product"}],"about":[{"href":"https:\/\/egiarecords.com\/eu\/wp-json\/wp\/v2\/types\/product"}],"wp:featuredmedia":[{"embeddable":true,"href":"https:\/\/egiarecords.com\/eu\/wp-json\/wp\/v2\/media\/5777"}],"wp:attachment":[{"href":"https:\/\/egiarecords.com\/eu\/wp-json\/wp\/v2\/media?parent=5775"}],"wp:term":[{"taxonomy":"product_brand","embeddable":true,"href":"https:\/\/egiarecords.com\/eu\/wp-json\/wp\/v2\/product_brand?post=5775"},{"taxonomy":"product_cat","embeddable":true,"href":"https:\/\/egiarecords.com\/eu\/wp-json\/wp\/v2\/product_cat?post=5775"},{"taxonomy":"product_tag","embeddable":true,"href":"https:\/\/egiarecords.com\/eu\/wp-json\/wp\/v2\/product_tag?post=5775"},{"taxonomy":"sello","embeddable":true,"href":"https:\/\/egiarecords.com\/eu\/wp-json\/wp\/v2\/sello?post=5775"},{"taxonomy":"artista","embeddable":true,"href":"https:\/\/egiarecords.com\/eu\/wp-json\/wp\/v2\/artista?post=5775"}],"curies":[{"name":"wp","href":"https:\/\/api.w.org\/{rel}","templated":true}]}}