{"id":5764,"date":"2026-04-02T13:25:18","date_gmt":"2026-04-02T11:25:18","guid":{"rendered":"https:\/\/egiarecords.com\/?post_type=product&#038;p=5764"},"modified":"2026-04-03T17:34:34","modified_gmt":"2026-04-03T15:34:34","slug":"judas-priest-british-steel","status":"publish","type":"product","link":"https:\/\/egiarecords.com\/eu\/denda\/judas-priest-british-steel\/","title":{"rendered":"Judas Priest &#8211; British Steel"},"content":{"rendered":"<p>Desde &#8216;Breaking the Law&#8217; hasta &#8216;Living After Midnight&#8217;, este trabajo no solo domin\u00f3 las listas de \u00e9xitos, sino que se convirti\u00f3 en el c\u00f3digo gen\u00e9tico para miles de bandas de metal posteriores<\/p>\n","protected":false},"excerpt":{"rendered":"<p>Desde &#8216;Breaking the Law&#8217; hasta &#8216;Living After Midnight&#8217;, este trabajo no solo domin\u00f3 las listas de \u00e9xitos, sino que se convirti\u00f3 en el c\u00f3digo gen\u00e9tico para miles de bandas de metal posteriores<\/p>\n","protected":false},"featured_media":5766,"template":"","meta":[],"product_brand":[],"product_cat":[689],"product_tag":[],"sello":[74,471,33],"artista":[1638],"class_list":{"0":"post-5764","1":"product","2":"type-product","3":"status-publish","4":"has-post-thumbnail","6":"product_cat-vinilos","7":"sello-columbia","8":"sello-legacy","9":"sello-sony-music","10":"artista-judas-priest","11":"fecha-334","12":"estilo-heavy-metal","14":"first","15":"instock","16":"taxable","17":"shipping-taxable","18":"purchasable","19":"product-type-simple"},"_links":{"self":[{"href":"https:\/\/egiarecords.com\/eu\/wp-json\/wp\/v2\/product\/5764","targetHints":{"allow":["GET"]}}],"collection":[{"href":"https:\/\/egiarecords.com\/eu\/wp-json\/wp\/v2\/product"}],"about":[{"href":"https:\/\/egiarecords.com\/eu\/wp-json\/wp\/v2\/types\/product"}],"wp:featuredmedia":[{"embeddable":true,"href":"https:\/\/egiarecords.com\/eu\/wp-json\/wp\/v2\/media\/5766"}],"wp:attachment":[{"href":"https:\/\/egiarecords.com\/eu\/wp-json\/wp\/v2\/media?parent=5764"}],"wp:term":[{"taxonomy":"product_brand","embeddable":true,"href":"https:\/\/egiarecords.com\/eu\/wp-json\/wp\/v2\/product_brand?post=5764"},{"taxonomy":"product_cat","embeddable":true,"href":"https:\/\/egiarecords.com\/eu\/wp-json\/wp\/v2\/product_cat?post=5764"},{"taxonomy":"product_tag","embeddable":true,"href":"https:\/\/egiarecords.com\/eu\/wp-json\/wp\/v2\/product_tag?post=5764"},{"taxonomy":"sello","embeddable":true,"href":"https:\/\/egiarecords.com\/eu\/wp-json\/wp\/v2\/sello?post=5764"},{"taxonomy":"artista","embeddable":true,"href":"https:\/\/egiarecords.com\/eu\/wp-json\/wp\/v2\/artista?post=5764"}],"curies":[{"name":"wp","href":"https:\/\/api.w.org\/{rel}","templated":true}]}}