{"id":5750,"date":"2026-04-02T12:30:47","date_gmt":"2026-04-02T10:30:47","guid":{"rendered":"https:\/\/egiarecords.com\/?post_type=product&#038;p=5750"},"modified":"2026-04-02T12:32:02","modified_gmt":"2026-04-02T10:32:02","slug":"led-zeppelin-iv","status":"publish","type":"product","link":"https:\/\/egiarecords.com\/eu\/denda\/led-zeppelin-iv\/","title":{"rendered":"Led Zeppelin &#8211; IV"},"content":{"rendered":"<p>Con la \u00e9pica &#8216;Stairway to Heaven&#8217; como eje central, este trabajo defini\u00f3 los est\u00e1ndares de producci\u00f3n y composici\u00f3n que influir\u00edan a todas las bandas de rock posteriores.<\/p>\n","protected":false},"excerpt":{"rendered":"<p>Con la \u00e9pica &#8216;Stairway to Heaven&#8217; como eje central, este trabajo defini\u00f3 los est\u00e1ndares de producci\u00f3n y composici\u00f3n que influir\u00edan a todas las bandas de rock posteriores.<\/p>\n","protected":false},"featured_media":5751,"template":"","meta":[],"product_brand":[],"product_cat":[689],"product_tag":[],"sello":[841],"artista":[1045],"class_list":{"0":"post-5750","1":"product","2":"type-product","3":"status-publish","4":"has-post-thumbnail","6":"product_cat-vinilos","7":"sello-atlantic","8":"artista-led-zeppelin","9":"fecha-384","10":"estilo-blues-rock","11":"estilo-classic-rock","12":"estilo-hard-rock","14":"first","15":"instock","16":"taxable","17":"shipping-taxable","18":"purchasable","19":"product-type-simple"},"_links":{"self":[{"href":"https:\/\/egiarecords.com\/eu\/wp-json\/wp\/v2\/product\/5750","targetHints":{"allow":["GET"]}}],"collection":[{"href":"https:\/\/egiarecords.com\/eu\/wp-json\/wp\/v2\/product"}],"about":[{"href":"https:\/\/egiarecords.com\/eu\/wp-json\/wp\/v2\/types\/product"}],"wp:featuredmedia":[{"embeddable":true,"href":"https:\/\/egiarecords.com\/eu\/wp-json\/wp\/v2\/media\/5751"}],"wp:attachment":[{"href":"https:\/\/egiarecords.com\/eu\/wp-json\/wp\/v2\/media?parent=5750"}],"wp:term":[{"taxonomy":"product_brand","embeddable":true,"href":"https:\/\/egiarecords.com\/eu\/wp-json\/wp\/v2\/product_brand?post=5750"},{"taxonomy":"product_cat","embeddable":true,"href":"https:\/\/egiarecords.com\/eu\/wp-json\/wp\/v2\/product_cat?post=5750"},{"taxonomy":"product_tag","embeddable":true,"href":"https:\/\/egiarecords.com\/eu\/wp-json\/wp\/v2\/product_tag?post=5750"},{"taxonomy":"sello","embeddable":true,"href":"https:\/\/egiarecords.com\/eu\/wp-json\/wp\/v2\/sello?post=5750"},{"taxonomy":"artista","embeddable":true,"href":"https:\/\/egiarecords.com\/eu\/wp-json\/wp\/v2\/artista?post=5750"}],"curies":[{"name":"wp","href":"https:\/\/api.w.org\/{rel}","templated":true}]}}