{"id":5719,"date":"2026-04-02T12:10:15","date_gmt":"2026-04-02T10:10:15","guid":{"rendered":"https:\/\/egiarecords.com\/?post_type=product&#038;p=5719"},"modified":"2026-04-02T12:10:27","modified_gmt":"2026-04-02T10:10:27","slug":"rage-against-the-machine-evil-empire","status":"publish","type":"product","link":"https:\/\/egiarecords.com\/eu\/denda\/rage-against-the-machine-evil-empire\/","title":{"rendered":"Rage Against The Machine &#8211; Evil Empire"},"content":{"rendered":"<p>Con cl\u00e1sicos como &#8216;Bulls on Parade&#8217; o &#8216;People of the Sun&#8217;, la banda demostr\u00f3 que se pod\u00eda alcanzar lo m\u00e1s alto de las listas de \u00e9xitos sin suavizar un \u00e1pice su mensaje radical.<\/p>\n","protected":false},"excerpt":{"rendered":"<p>Con cl\u00e1sicos como &#8216;Bulls on Parade&#8217; o &#8216;People of the Sun&#8217;, la banda demostr\u00f3 que se pod\u00eda alcanzar lo m\u00e1s alto de las listas de \u00e9xitos sin suavizar un \u00e1pice su mensaje radical.<\/p>\n","protected":false},"featured_media":5720,"template":"","meta":[],"product_brand":[],"product_cat":[689],"product_tag":[],"sello":[523,471],"artista":[1131],"class_list":{"0":"post-5719","1":"product","2":"type-product","3":"status-publish","4":"has-post-thumbnail","6":"product_cat-vinilos","7":"sello-epic","8":"sello-legacy","9":"artista-rage-against-the-machine","10":"fecha-306","11":"estilo-alternative-rock","13":"first","14":"instock","15":"taxable","16":"shipping-taxable","17":"purchasable","18":"product-type-simple"},"_links":{"self":[{"href":"https:\/\/egiarecords.com\/eu\/wp-json\/wp\/v2\/product\/5719","targetHints":{"allow":["GET"]}}],"collection":[{"href":"https:\/\/egiarecords.com\/eu\/wp-json\/wp\/v2\/product"}],"about":[{"href":"https:\/\/egiarecords.com\/eu\/wp-json\/wp\/v2\/types\/product"}],"wp:featuredmedia":[{"embeddable":true,"href":"https:\/\/egiarecords.com\/eu\/wp-json\/wp\/v2\/media\/5720"}],"wp:attachment":[{"href":"https:\/\/egiarecords.com\/eu\/wp-json\/wp\/v2\/media?parent=5719"}],"wp:term":[{"taxonomy":"product_brand","embeddable":true,"href":"https:\/\/egiarecords.com\/eu\/wp-json\/wp\/v2\/product_brand?post=5719"},{"taxonomy":"product_cat","embeddable":true,"href":"https:\/\/egiarecords.com\/eu\/wp-json\/wp\/v2\/product_cat?post=5719"},{"taxonomy":"product_tag","embeddable":true,"href":"https:\/\/egiarecords.com\/eu\/wp-json\/wp\/v2\/product_tag?post=5719"},{"taxonomy":"sello","embeddable":true,"href":"https:\/\/egiarecords.com\/eu\/wp-json\/wp\/v2\/sello?post=5719"},{"taxonomy":"artista","embeddable":true,"href":"https:\/\/egiarecords.com\/eu\/wp-json\/wp\/v2\/artista?post=5719"}],"curies":[{"name":"wp","href":"https:\/\/api.w.org\/{rel}","templated":true}]}}