{"id":5701,"date":"2026-03-25T16:58:36","date_gmt":"2026-03-25T15:58:36","guid":{"rendered":"https:\/\/egiarecords.com\/?post_type=product&#038;p=5701"},"modified":"2026-03-28T11:32:55","modified_gmt":"2026-03-28T10:32:55","slug":"tatsuro-yamashita-for-you","status":"publish","type":"product","link":"https:\/\/egiarecords.com\/eu\/denda\/tatsuro-yamashita-for-you\/","title":{"rendered":"Tatsuro Yamashita &#8211; For You"},"content":{"rendered":"<p data-path-to-node=\"2,0,0\">Es el \u00e1lbum definitivo del City Pop, una celebraci\u00f3n del optimismo y el estilo de vida cosmopolita de los 80 en Jap\u00f3n, envuelta en una producci\u00f3n impecable.<\/p>\n<p data-path-to-node=\"2,0,0\">El disco es una clase maestra de funk, soul y pop brillante, donde las l\u00edneas de bajo contagiosas y los arreglos de viento se funden con la inconfundible voz de Tatsuro.<\/p>\n<p data-path-to-node=\"2,2,0\">Con canciones como &#8216;Sparkle&#8217; o &#8216;Loveland, Island&#8217;, Yamashita cre\u00f3 un est\u00e1ndar de calidad que sigue siendo la mayor referencia para artistas de funk y pop de todo el mundo.<\/p>\n","protected":false},"excerpt":{"rendered":"<p>Es el \u00e1lbum definitivo del City Pop, una celebraci\u00f3n del optimismo y el estilo de vida cosmopolita de los 80 en Jap\u00f3n, envuelta en una producci\u00f3n impecable. El disco es una clase maestra de funk, soul y pop brillante, donde las l\u00edneas de bajo contagiosas y los arreglos de viento se funden con la inconfundible [&hellip;]<\/p>\n","protected":false},"featured_media":5705,"template":"","meta":[],"product_brand":[],"product_cat":[689],"product_tag":[],"sello":[1626,549],"artista":[1624],"class_list":{"0":"post-5701","1":"product","2":"type-product","3":"status-publish","4":"has-post-thumbnail","6":"product_cat-vinilos","7":"sello-air-records","8":"sello-ariola","9":"artista-tatsuro-yamashita","10":"fecha-306","11":"estilo-ballad","12":"estilo-city-pop","13":"estilo-funk","14":"estilo-soft-rock","15":"estilo-soul","17":"first","18":"instock","19":"taxable","20":"shipping-taxable","21":"purchasable","22":"product-type-simple"},"_links":{"self":[{"href":"https:\/\/egiarecords.com\/eu\/wp-json\/wp\/v2\/product\/5701","targetHints":{"allow":["GET"]}}],"collection":[{"href":"https:\/\/egiarecords.com\/eu\/wp-json\/wp\/v2\/product"}],"about":[{"href":"https:\/\/egiarecords.com\/eu\/wp-json\/wp\/v2\/types\/product"}],"wp:featuredmedia":[{"embeddable":true,"href":"https:\/\/egiarecords.com\/eu\/wp-json\/wp\/v2\/media\/5705"}],"wp:attachment":[{"href":"https:\/\/egiarecords.com\/eu\/wp-json\/wp\/v2\/media?parent=5701"}],"wp:term":[{"taxonomy":"product_brand","embeddable":true,"href":"https:\/\/egiarecords.com\/eu\/wp-json\/wp\/v2\/product_brand?post=5701"},{"taxonomy":"product_cat","embeddable":true,"href":"https:\/\/egiarecords.com\/eu\/wp-json\/wp\/v2\/product_cat?post=5701"},{"taxonomy":"product_tag","embeddable":true,"href":"https:\/\/egiarecords.com\/eu\/wp-json\/wp\/v2\/product_tag?post=5701"},{"taxonomy":"sello","embeddable":true,"href":"https:\/\/egiarecords.com\/eu\/wp-json\/wp\/v2\/sello?post=5701"},{"taxonomy":"artista","embeddable":true,"href":"https:\/\/egiarecords.com\/eu\/wp-json\/wp\/v2\/artista?post=5701"}],"curies":[{"name":"wp","href":"https:\/\/api.w.org\/{rel}","templated":true}]}}