{"id":5678,"date":"2026-03-25T13:31:25","date_gmt":"2026-03-25T12:31:25","guid":{"rendered":"https:\/\/egiarecords.com\/?post_type=product&#038;p=5678"},"modified":"2026-04-25T14:42:01","modified_gmt":"2026-04-25T12:42:01","slug":"charif-megarbane-tirakat","status":"publish","type":"product","link":"https:\/\/egiarecords.com\/eu\/denda\/charif-megarbane-tirakat\/","title":{"rendered":"Charif Megarbane &#8211; Tirakat"},"content":{"rendered":"<p>El \u00e1lbum destaca por su instrumentaci\u00f3n org\u00e1nica y sus paisajes cinematogr\u00e1ficos, mezclando sintetizadores vintage con percusiones hipn\u00f3ticas que te transportan directamente a las calles de Beirut<\/p>\n","protected":false},"excerpt":{"rendered":"<p>El \u00e1lbum destaca por su instrumentaci\u00f3n org\u00e1nica y sus paisajes cinematogr\u00e1ficos, mezclando sintetizadores vintage con percusiones hipn\u00f3ticas que te transportan directamente a las calles de Beirut<\/p>\n","protected":false},"featured_media":5683,"template":"","meta":[],"product_brand":[],"product_cat":[689],"product_tag":[],"sello":[1619],"artista":[1618,1617],"class_list":{"0":"post-5678","1":"product","2":"type-product","3":"status-publish","4":"has-post-thumbnail","6":"product_cat-vinilos","7":"sello-habibi-funk","8":"artista-ali","9":"artista-charif-megarbane","10":"fecha-1302","12":"first","13":"outofstock","14":"taxable","15":"shipping-taxable","16":"purchasable","17":"product-type-simple"},"_links":{"self":[{"href":"https:\/\/egiarecords.com\/eu\/wp-json\/wp\/v2\/product\/5678","targetHints":{"allow":["GET"]}}],"collection":[{"href":"https:\/\/egiarecords.com\/eu\/wp-json\/wp\/v2\/product"}],"about":[{"href":"https:\/\/egiarecords.com\/eu\/wp-json\/wp\/v2\/types\/product"}],"wp:featuredmedia":[{"embeddable":true,"href":"https:\/\/egiarecords.com\/eu\/wp-json\/wp\/v2\/media\/5683"}],"wp:attachment":[{"href":"https:\/\/egiarecords.com\/eu\/wp-json\/wp\/v2\/media?parent=5678"}],"wp:term":[{"taxonomy":"product_brand","embeddable":true,"href":"https:\/\/egiarecords.com\/eu\/wp-json\/wp\/v2\/product_brand?post=5678"},{"taxonomy":"product_cat","embeddable":true,"href":"https:\/\/egiarecords.com\/eu\/wp-json\/wp\/v2\/product_cat?post=5678"},{"taxonomy":"product_tag","embeddable":true,"href":"https:\/\/egiarecords.com\/eu\/wp-json\/wp\/v2\/product_tag?post=5678"},{"taxonomy":"sello","embeddable":true,"href":"https:\/\/egiarecords.com\/eu\/wp-json\/wp\/v2\/sello?post=5678"},{"taxonomy":"artista","embeddable":true,"href":"https:\/\/egiarecords.com\/eu\/wp-json\/wp\/v2\/artista?post=5678"}],"curies":[{"name":"wp","href":"https:\/\/api.w.org\/{rel}","templated":true}]}}