{"id":5639,"date":"2026-03-24T17:58:54","date_gmt":"2026-03-24T16:58:54","guid":{"rendered":"https:\/\/egiarecords.com\/?post_type=product&#038;p=5639"},"modified":"2026-03-24T17:59:04","modified_gmt":"2026-03-24T16:59:04","slug":"uptown-funk-empire-youve-got-to-have-freedom-the-dance-culture-remixes","status":"publish","type":"product","link":"https:\/\/egiarecords.com\/eu\/denda\/uptown-funk-empire-youve-got-to-have-freedom-the-dance-culture-remixes\/","title":{"rendered":"Uptown Funk Empire &#8211; You&#8217;ve Got To Have Freedom (The &#8216;Dance Culture&#8217; Remixes)"},"content":{"rendered":"<p>El \u00e1lbum destaca por sus potentes secciones de vientos y una percusi\u00f3n incansable que, junto a las voces llenas de alma, crean una atm\u00f3sfera de euforia colectiva y ritmo imparable<\/p>\n","protected":false},"excerpt":{"rendered":"<p>El \u00e1lbum destaca por sus potentes secciones de vientos y una percusi\u00f3n incansable que, junto a las voces llenas de alma, crean una atm\u00f3sfera de euforia colectiva y ritmo imparable<\/p>\n","protected":false},"featured_media":5641,"template":"","meta":[],"product_brand":[],"product_cat":[689],"product_tag":[],"sello":[592],"artista":[1612],"class_list":{"0":"post-5639","1":"product","2":"type-product","3":"status-publish","4":"has-post-thumbnail","6":"product_cat-vinilos","7":"sello-escola","8":"artista-uptown-funk-empire","9":"fecha-1302","10":"estilo-deep-house","11":"estilo-house","13":"first","14":"instock","15":"taxable","16":"shipping-taxable","17":"purchasable","18":"product-type-simple"},"_links":{"self":[{"href":"https:\/\/egiarecords.com\/eu\/wp-json\/wp\/v2\/product\/5639","targetHints":{"allow":["GET"]}}],"collection":[{"href":"https:\/\/egiarecords.com\/eu\/wp-json\/wp\/v2\/product"}],"about":[{"href":"https:\/\/egiarecords.com\/eu\/wp-json\/wp\/v2\/types\/product"}],"wp:featuredmedia":[{"embeddable":true,"href":"https:\/\/egiarecords.com\/eu\/wp-json\/wp\/v2\/media\/5641"}],"wp:attachment":[{"href":"https:\/\/egiarecords.com\/eu\/wp-json\/wp\/v2\/media?parent=5639"}],"wp:term":[{"taxonomy":"product_brand","embeddable":true,"href":"https:\/\/egiarecords.com\/eu\/wp-json\/wp\/v2\/product_brand?post=5639"},{"taxonomy":"product_cat","embeddable":true,"href":"https:\/\/egiarecords.com\/eu\/wp-json\/wp\/v2\/product_cat?post=5639"},{"taxonomy":"product_tag","embeddable":true,"href":"https:\/\/egiarecords.com\/eu\/wp-json\/wp\/v2\/product_tag?post=5639"},{"taxonomy":"sello","embeddable":true,"href":"https:\/\/egiarecords.com\/eu\/wp-json\/wp\/v2\/sello?post=5639"},{"taxonomy":"artista","embeddable":true,"href":"https:\/\/egiarecords.com\/eu\/wp-json\/wp\/v2\/artista?post=5639"}],"curies":[{"name":"wp","href":"https:\/\/api.w.org\/{rel}","templated":true}]}}