{"id":5581,"date":"2026-03-23T17:09:04","date_gmt":"2026-03-23T16:09:04","guid":{"rendered":"https:\/\/egiarecords.com\/?post_type=product&#038;p=5581"},"modified":"2026-03-23T17:09:18","modified_gmt":"2026-03-23T16:09:18","slug":"mujeres-es-un-dolor-inexplicable","status":"publish","type":"product","link":"https:\/\/egiarecords.com\/eu\/denda\/mujeres-es-un-dolor-inexplicable\/","title":{"rendered":"Mujeres &#8211; &#8220;Es Un Dolor Inexplicable&#8221;"},"content":{"rendered":"<p>Con este lanzamiento, Mujeres reafirma su capacidad para convertir la vulnerabilidad en un himno de resistencia colectiva, consolid\u00e1ndose como una de las bandas m\u00e1s aut\u00e9nticas del panorama actual.<\/p>\n","protected":false},"excerpt":{"rendered":"<p>Con este lanzamiento, Mujeres reafirma su capacidad para convertir la vulnerabilidad en un himno de resistencia colectiva, consolid\u00e1ndose como una de las bandas m\u00e1s aut\u00e9nticas del panorama actual.<\/p>\n","protected":false},"featured_media":5584,"template":"","meta":[],"product_brand":[],"product_cat":[689],"product_tag":[],"sello":[54],"artista":[1598],"class_list":{"0":"post-5581","1":"product","2":"type-product","3":"status-publish","4":"has-post-thumbnail","6":"product_cat-vinilos","7":"sello-sonido-muchacho","8":"artista-mujeres","9":"fecha-1302","10":"estilo-alternative-rock","12":"first","13":"instock","14":"taxable","15":"shipping-taxable","16":"purchasable","17":"product-type-simple"},"_links":{"self":[{"href":"https:\/\/egiarecords.com\/eu\/wp-json\/wp\/v2\/product\/5581","targetHints":{"allow":["GET"]}}],"collection":[{"href":"https:\/\/egiarecords.com\/eu\/wp-json\/wp\/v2\/product"}],"about":[{"href":"https:\/\/egiarecords.com\/eu\/wp-json\/wp\/v2\/types\/product"}],"wp:featuredmedia":[{"embeddable":true,"href":"https:\/\/egiarecords.com\/eu\/wp-json\/wp\/v2\/media\/5584"}],"wp:attachment":[{"href":"https:\/\/egiarecords.com\/eu\/wp-json\/wp\/v2\/media?parent=5581"}],"wp:term":[{"taxonomy":"product_brand","embeddable":true,"href":"https:\/\/egiarecords.com\/eu\/wp-json\/wp\/v2\/product_brand?post=5581"},{"taxonomy":"product_cat","embeddable":true,"href":"https:\/\/egiarecords.com\/eu\/wp-json\/wp\/v2\/product_cat?post=5581"},{"taxonomy":"product_tag","embeddable":true,"href":"https:\/\/egiarecords.com\/eu\/wp-json\/wp\/v2\/product_tag?post=5581"},{"taxonomy":"sello","embeddable":true,"href":"https:\/\/egiarecords.com\/eu\/wp-json\/wp\/v2\/sello?post=5581"},{"taxonomy":"artista","embeddable":true,"href":"https:\/\/egiarecords.com\/eu\/wp-json\/wp\/v2\/artista?post=5581"}],"curies":[{"name":"wp","href":"https:\/\/api.w.org\/{rel}","templated":true}]}}