{"id":5578,"date":"2026-03-23T12:02:16","date_gmt":"2026-03-23T11:02:16","guid":{"rendered":"https:\/\/egiarecords.com\/?post_type=product&#038;p=5578"},"modified":"2026-03-23T12:02:16","modified_gmt":"2026-03-23T11:02:16","slug":"gailu-bizi-eta-ixo","status":"publish","type":"product","link":"https:\/\/egiarecords.com\/eu\/denda\/gailu-bizi-eta-ixo\/","title":{"rendered":"Gailu &#8211; Bizi Eta Ixo!!"},"content":{"rendered":"<p>El \u00e1lbum es una colisi\u00f3n perfecta entre ritmos industriales, bajos hipn\u00f3ticos y la voz caracter\u00edstica de Okene, creando atm\u00f3sferas densas que caminan entre el post-punk y la vanguardia electr\u00f3nica.<\/p>\n","protected":false},"excerpt":{"rendered":"<p>El \u00e1lbum es una colisi\u00f3n perfecta entre ritmos industriales, bajos hipn\u00f3ticos y la voz caracter\u00edstica de Okene, creando atm\u00f3sferas densas que caminan entre el post-punk y la vanguardia electr\u00f3nica.<\/p>\n","protected":false},"featured_media":5580,"template":"","meta":[],"product_brand":[],"product_cat":[689],"product_tag":[],"sello":[1597,832],"artista":[966],"class_list":{"0":"post-5578","1":"product","2":"type-product","3":"status-publish","4":"has-post-thumbnail","6":"product_cat-vinilos","7":"sello-kutxa-beltza-grabaketak","8":"sello-tristuraren-industria","9":"artista-gailu","10":"fecha-305","11":"estilo-experimental","12":"estilo-post-rock","14":"first","15":"instock","16":"taxable","17":"shipping-taxable","18":"purchasable","19":"product-type-simple"},"_links":{"self":[{"href":"https:\/\/egiarecords.com\/eu\/wp-json\/wp\/v2\/product\/5578","targetHints":{"allow":["GET"]}}],"collection":[{"href":"https:\/\/egiarecords.com\/eu\/wp-json\/wp\/v2\/product"}],"about":[{"href":"https:\/\/egiarecords.com\/eu\/wp-json\/wp\/v2\/types\/product"}],"wp:featuredmedia":[{"embeddable":true,"href":"https:\/\/egiarecords.com\/eu\/wp-json\/wp\/v2\/media\/5580"}],"wp:attachment":[{"href":"https:\/\/egiarecords.com\/eu\/wp-json\/wp\/v2\/media?parent=5578"}],"wp:term":[{"taxonomy":"product_brand","embeddable":true,"href":"https:\/\/egiarecords.com\/eu\/wp-json\/wp\/v2\/product_brand?post=5578"},{"taxonomy":"product_cat","embeddable":true,"href":"https:\/\/egiarecords.com\/eu\/wp-json\/wp\/v2\/product_cat?post=5578"},{"taxonomy":"product_tag","embeddable":true,"href":"https:\/\/egiarecords.com\/eu\/wp-json\/wp\/v2\/product_tag?post=5578"},{"taxonomy":"sello","embeddable":true,"href":"https:\/\/egiarecords.com\/eu\/wp-json\/wp\/v2\/sello?post=5578"},{"taxonomy":"artista","embeddable":true,"href":"https:\/\/egiarecords.com\/eu\/wp-json\/wp\/v2\/artista?post=5578"}],"curies":[{"name":"wp","href":"https:\/\/api.w.org\/{rel}","templated":true}]}}