{"id":5560,"date":"2026-03-16T20:25:31","date_gmt":"2026-03-16T19:25:31","guid":{"rendered":"https:\/\/egiarecords.com\/?post_type=product&#038;p=5560"},"modified":"2026-03-16T20:25:59","modified_gmt":"2026-03-16T19:25:59","slug":"lynyrd-skynyrd-second-helping","status":"publish","type":"product","link":"https:\/\/egiarecords.com\/eu\/denda\/lynyrd-skynyrd-second-helping\/","title":{"rendered":"Lynyrd Skynyrd &#8211; Second Helping"},"content":{"rendered":"<p>Es el \u00e1lbum que confirm\u00f3 que el \u00e9xito de su debut no fue casualidad, refinando su f\u00f3rmula de rock sure\u00f1o con composiciones m\u00e1s maduras y un esp\u00edritu indomable.<\/p>\n","protected":false},"excerpt":{"rendered":"<p>Es el \u00e1lbum que confirm\u00f3 que el \u00e9xito de su debut no fue casualidad, refinando su f\u00f3rmula de rock sure\u00f1o con composiciones m\u00e1s maduras y un esp\u00edritu indomable.<\/p>\n","protected":false},"featured_media":5562,"template":"","meta":[],"product_brand":[],"product_cat":[689],"product_tag":[],"sello":[874],"artista":[1068],"class_list":{"0":"post-5560","1":"product","2":"type-product","3":"status-publish","4":"has-post-thumbnail","6":"product_cat-vinilos","7":"sello-mca-records","8":"artista-lynyrd-skynyrd","9":"fecha-310","10":"estilo-blues-rock","11":"estilo-hard-rock","12":"estilo-southern-rock","14":"first","15":"instock","16":"taxable","17":"shipping-taxable","18":"purchasable","19":"product-type-simple"},"_links":{"self":[{"href":"https:\/\/egiarecords.com\/eu\/wp-json\/wp\/v2\/product\/5560","targetHints":{"allow":["GET"]}}],"collection":[{"href":"https:\/\/egiarecords.com\/eu\/wp-json\/wp\/v2\/product"}],"about":[{"href":"https:\/\/egiarecords.com\/eu\/wp-json\/wp\/v2\/types\/product"}],"wp:featuredmedia":[{"embeddable":true,"href":"https:\/\/egiarecords.com\/eu\/wp-json\/wp\/v2\/media\/5562"}],"wp:attachment":[{"href":"https:\/\/egiarecords.com\/eu\/wp-json\/wp\/v2\/media?parent=5560"}],"wp:term":[{"taxonomy":"product_brand","embeddable":true,"href":"https:\/\/egiarecords.com\/eu\/wp-json\/wp\/v2\/product_brand?post=5560"},{"taxonomy":"product_cat","embeddable":true,"href":"https:\/\/egiarecords.com\/eu\/wp-json\/wp\/v2\/product_cat?post=5560"},{"taxonomy":"product_tag","embeddable":true,"href":"https:\/\/egiarecords.com\/eu\/wp-json\/wp\/v2\/product_tag?post=5560"},{"taxonomy":"sello","embeddable":true,"href":"https:\/\/egiarecords.com\/eu\/wp-json\/wp\/v2\/sello?post=5560"},{"taxonomy":"artista","embeddable":true,"href":"https:\/\/egiarecords.com\/eu\/wp-json\/wp\/v2\/artista?post=5560"}],"curies":[{"name":"wp","href":"https:\/\/api.w.org\/{rel}","templated":true}]}}