{"id":5547,"date":"2026-03-16T20:02:35","date_gmt":"2026-03-16T19:02:35","guid":{"rendered":"https:\/\/egiarecords.com\/?post_type=product&#038;p=5547"},"modified":"2026-03-18T17:45:16","modified_gmt":"2026-03-18T16:45:16","slug":"gorillaz-%e0%a4%aa%e0%a4%b0%e0%a5%8d%e0%a4%b5%e0%a4%a4-the-mountain","status":"publish","type":"product","link":"https:\/\/egiarecords.com\/eu\/denda\/gorillaz-%e0%a4%aa%e0%a4%b0%e0%a5%8d%e0%a4%b5%e0%a4%a4-the-mountain\/","title":{"rendered":"Gorillaz &#8211; \u092a\u0930\u094d\u0935\u0924 (The Mountain)"},"content":{"rendered":"<p>El disco destaca por sus paisajes sonoros expansivos, donde los ritmos dub y hip-hop de Gorillaz se entrelazan con instrumentos folcl\u00f3ricos y atm\u00f3sferas cinem\u00e1ticas que evocan la inmensidad de las cumbres.<\/p>\n","protected":false},"excerpt":{"rendered":"<p>El disco destaca por sus paisajes sonoros expansivos, donde los ritmos dub y hip-hop de Gorillaz se entrelazan con instrumentos folcl\u00f3ricos y atm\u00f3sferas cinem\u00e1ticas que evocan la inmensidad de las cumbres.<\/p>\n","protected":false},"featured_media":5549,"template":"","meta":[],"product_brand":[],"product_cat":[689],"product_tag":[],"sello":[1595],"artista":[967],"class_list":{"0":"post-5547","1":"product","2":"type-product","3":"status-publish","4":"has-post-thumbnail","6":"product_cat-vinilos","7":"sello-kong","8":"artista-gorillaz","9":"fecha-1302","10":"estilo-alt-pop","11":"estilo-indie-pop","12":"estilo-indo-pop","13":"estilo-latin-pop","15":"first","16":"outofstock","17":"taxable","18":"shipping-taxable","19":"purchasable","20":"product-type-simple"},"_links":{"self":[{"href":"https:\/\/egiarecords.com\/eu\/wp-json\/wp\/v2\/product\/5547","targetHints":{"allow":["GET"]}}],"collection":[{"href":"https:\/\/egiarecords.com\/eu\/wp-json\/wp\/v2\/product"}],"about":[{"href":"https:\/\/egiarecords.com\/eu\/wp-json\/wp\/v2\/types\/product"}],"wp:featuredmedia":[{"embeddable":true,"href":"https:\/\/egiarecords.com\/eu\/wp-json\/wp\/v2\/media\/5549"}],"wp:attachment":[{"href":"https:\/\/egiarecords.com\/eu\/wp-json\/wp\/v2\/media?parent=5547"}],"wp:term":[{"taxonomy":"product_brand","embeddable":true,"href":"https:\/\/egiarecords.com\/eu\/wp-json\/wp\/v2\/product_brand?post=5547"},{"taxonomy":"product_cat","embeddable":true,"href":"https:\/\/egiarecords.com\/eu\/wp-json\/wp\/v2\/product_cat?post=5547"},{"taxonomy":"product_tag","embeddable":true,"href":"https:\/\/egiarecords.com\/eu\/wp-json\/wp\/v2\/product_tag?post=5547"},{"taxonomy":"sello","embeddable":true,"href":"https:\/\/egiarecords.com\/eu\/wp-json\/wp\/v2\/sello?post=5547"},{"taxonomy":"artista","embeddable":true,"href":"https:\/\/egiarecords.com\/eu\/wp-json\/wp\/v2\/artista?post=5547"}],"curies":[{"name":"wp","href":"https:\/\/api.w.org\/{rel}","templated":true}]}}