{"id":5532,"date":"2026-03-16T19:51:05","date_gmt":"2026-03-16T18:51:05","guid":{"rendered":"https:\/\/egiarecords.com\/?post_type=product&#038;p=5532"},"modified":"2026-03-19T17:25:47","modified_gmt":"2026-03-19T16:25:47","slug":"eric-b-rakim-i-know-you-got-soul","status":"publish","type":"product","link":"https:\/\/egiarecords.com\/eu\/denda\/eric-b-rakim-i-know-you-got-soul\/","title":{"rendered":"Eric B. &#038; Rakim &#8211; I Know You Got Soul"},"content":{"rendered":"<p>Es el tema que defini\u00f3 la era del &#8216;sampleo&#8217; inteligente, utilizando la base de James Brown para crear un himno de autoridad r\u00edtmica y l\u00edrica<\/p>\n","protected":false},"excerpt":{"rendered":"<p>Es el tema que defini\u00f3 la era del &#8216;sampleo&#8217; inteligente, utilizando la base de James Brown para crear un himno de autoridad r\u00edtmica y l\u00edrica<\/p>\n","protected":false},"featured_media":5535,"template":"","meta":[],"product_brand":[],"product_cat":[689],"product_tag":[],"sello":[913],"artista":[1591],"class_list":{"0":"post-5532","1":"product","2":"type-product","3":"status-publish","4":"has-post-thumbnail","6":"product_cat-vinilos","7":"sello-mr-bongo","8":"artista-eric-b-rakim","9":"fecha-384","10":"estilo-conscious","12":"first","13":"instock","14":"taxable","15":"shipping-taxable","16":"purchasable","17":"product-type-simple"},"_links":{"self":[{"href":"https:\/\/egiarecords.com\/eu\/wp-json\/wp\/v2\/product\/5532","targetHints":{"allow":["GET"]}}],"collection":[{"href":"https:\/\/egiarecords.com\/eu\/wp-json\/wp\/v2\/product"}],"about":[{"href":"https:\/\/egiarecords.com\/eu\/wp-json\/wp\/v2\/types\/product"}],"wp:featuredmedia":[{"embeddable":true,"href":"https:\/\/egiarecords.com\/eu\/wp-json\/wp\/v2\/media\/5535"}],"wp:attachment":[{"href":"https:\/\/egiarecords.com\/eu\/wp-json\/wp\/v2\/media?parent=5532"}],"wp:term":[{"taxonomy":"product_brand","embeddable":true,"href":"https:\/\/egiarecords.com\/eu\/wp-json\/wp\/v2\/product_brand?post=5532"},{"taxonomy":"product_cat","embeddable":true,"href":"https:\/\/egiarecords.com\/eu\/wp-json\/wp\/v2\/product_cat?post=5532"},{"taxonomy":"product_tag","embeddable":true,"href":"https:\/\/egiarecords.com\/eu\/wp-json\/wp\/v2\/product_tag?post=5532"},{"taxonomy":"sello","embeddable":true,"href":"https:\/\/egiarecords.com\/eu\/wp-json\/wp\/v2\/sello?post=5532"},{"taxonomy":"artista","embeddable":true,"href":"https:\/\/egiarecords.com\/eu\/wp-json\/wp\/v2\/artista?post=5532"}],"curies":[{"name":"wp","href":"https:\/\/api.w.org\/{rel}","templated":true}]}}