{"id":5502,"date":"2026-03-14T18:13:24","date_gmt":"2026-03-14T17:13:24","guid":{"rendered":"https:\/\/egiarecords.com\/?post_type=product&#038;p=5502"},"modified":"2026-03-14T18:13:36","modified_gmt":"2026-03-14T17:13:36","slug":"bruno-mars-the-romantic","status":"publish","type":"product","link":"https:\/\/egiarecords.com\/eu\/denda\/bruno-mars-the-romantic\/","title":{"rendered":"Bruno Mars &#8211; The Romantic"},"content":{"rendered":"<p>El \u00e1lbum destaca por una producci\u00f3n impecable que rinde homenaje al R&amp;B cl\u00e1sico de los 70 y 80, donde la voz aterciopelada de Bruno se desliza sobre arreglos de cuerda y pianos elegantes.<\/p>\n","protected":false},"excerpt":{"rendered":"<p>El \u00e1lbum destaca por una producci\u00f3n impecable que rinde homenaje al R&amp;B cl\u00e1sico de los 70 y 80, donde la voz aterciopelada de Bruno se desliza sobre arreglos de cuerda y pianos elegantes.<\/p>\n","protected":false},"featured_media":5505,"template":"","meta":[],"product_brand":[],"product_cat":[689],"product_tag":[],"sello":[841],"artista":[1586],"class_list":{"0":"post-5502","1":"product","2":"type-product","3":"status-publish","4":"has-post-thumbnail","6":"product_cat-vinilos","7":"sello-atlantic","8":"artista-bruno-mars","9":"fecha-1302","11":"first","12":"instock","13":"taxable","14":"shipping-taxable","15":"purchasable","16":"product-type-simple"},"_links":{"self":[{"href":"https:\/\/egiarecords.com\/eu\/wp-json\/wp\/v2\/product\/5502","targetHints":{"allow":["GET"]}}],"collection":[{"href":"https:\/\/egiarecords.com\/eu\/wp-json\/wp\/v2\/product"}],"about":[{"href":"https:\/\/egiarecords.com\/eu\/wp-json\/wp\/v2\/types\/product"}],"wp:featuredmedia":[{"embeddable":true,"href":"https:\/\/egiarecords.com\/eu\/wp-json\/wp\/v2\/media\/5505"}],"wp:attachment":[{"href":"https:\/\/egiarecords.com\/eu\/wp-json\/wp\/v2\/media?parent=5502"}],"wp:term":[{"taxonomy":"product_brand","embeddable":true,"href":"https:\/\/egiarecords.com\/eu\/wp-json\/wp\/v2\/product_brand?post=5502"},{"taxonomy":"product_cat","embeddable":true,"href":"https:\/\/egiarecords.com\/eu\/wp-json\/wp\/v2\/product_cat?post=5502"},{"taxonomy":"product_tag","embeddable":true,"href":"https:\/\/egiarecords.com\/eu\/wp-json\/wp\/v2\/product_tag?post=5502"},{"taxonomy":"sello","embeddable":true,"href":"https:\/\/egiarecords.com\/eu\/wp-json\/wp\/v2\/sello?post=5502"},{"taxonomy":"artista","embeddable":true,"href":"https:\/\/egiarecords.com\/eu\/wp-json\/wp\/v2\/artista?post=5502"}],"curies":[{"name":"wp","href":"https:\/\/api.w.org\/{rel}","templated":true}]}}