{"id":5455,"date":"2026-03-14T14:09:51","date_gmt":"2026-03-14T13:09:51","guid":{"rendered":"https:\/\/egiarecords.com\/?post_type=product&#038;p=5455"},"modified":"2026-03-14T14:10:05","modified_gmt":"2026-03-14T13:10:05","slug":"mark-knopfler-sailing-to-philadelphia","status":"publish","type":"product","link":"https:\/\/egiarecords.com\/eu\/denda\/mark-knopfler-sailing-to-philadelphia\/","title":{"rendered":"Mark Knopfler &#8211; Sailing To Philadelphia"},"content":{"rendered":"<p>Con una producci\u00f3n c\u00e1lida y org\u00e1nica, el disco se aleja del rock de estadios para abrazar un estilo personal que funde el blues, el country y el folk con su inconfundible elegancia a la guitarra<\/p>\n","protected":false},"excerpt":{"rendered":"<p>Con una producci\u00f3n c\u00e1lida y org\u00e1nica, el disco se aleja del rock de estadios para abrazar un estilo personal que funde el blues, el country y el folk con su inconfundible elegancia a la guitarra<\/p>\n","protected":false},"featured_media":5458,"template":"","meta":[],"product_brand":[],"product_cat":[689],"product_tag":[],"sello":[1577,1165,1053],"artista":[1576],"class_list":{"0":"post-5455","1":"product","2":"type-product","3":"status-publish","4":"has-post-thumbnail","6":"product_cat-vinilos","7":"sello-british-grove","8":"sello-mercury","9":"sello-vertigo","10":"artista-mark-knopfler","11":"fecha-305","12":"estilo-blues-rock","13":"estilo-folk-rock","15":"first","16":"instock","17":"taxable","18":"shipping-taxable","19":"purchasable","20":"product-type-simple"},"_links":{"self":[{"href":"https:\/\/egiarecords.com\/eu\/wp-json\/wp\/v2\/product\/5455","targetHints":{"allow":["GET"]}}],"collection":[{"href":"https:\/\/egiarecords.com\/eu\/wp-json\/wp\/v2\/product"}],"about":[{"href":"https:\/\/egiarecords.com\/eu\/wp-json\/wp\/v2\/types\/product"}],"wp:featuredmedia":[{"embeddable":true,"href":"https:\/\/egiarecords.com\/eu\/wp-json\/wp\/v2\/media\/5458"}],"wp:attachment":[{"href":"https:\/\/egiarecords.com\/eu\/wp-json\/wp\/v2\/media?parent=5455"}],"wp:term":[{"taxonomy":"product_brand","embeddable":true,"href":"https:\/\/egiarecords.com\/eu\/wp-json\/wp\/v2\/product_brand?post=5455"},{"taxonomy":"product_cat","embeddable":true,"href":"https:\/\/egiarecords.com\/eu\/wp-json\/wp\/v2\/product_cat?post=5455"},{"taxonomy":"product_tag","embeddable":true,"href":"https:\/\/egiarecords.com\/eu\/wp-json\/wp\/v2\/product_tag?post=5455"},{"taxonomy":"sello","embeddable":true,"href":"https:\/\/egiarecords.com\/eu\/wp-json\/wp\/v2\/sello?post=5455"},{"taxonomy":"artista","embeddable":true,"href":"https:\/\/egiarecords.com\/eu\/wp-json\/wp\/v2\/artista?post=5455"}],"curies":[{"name":"wp","href":"https:\/\/api.w.org\/{rel}","templated":true}]}}