{"id":5446,"date":"2026-03-14T14:00:26","date_gmt":"2026-03-14T13:00:26","guid":{"rendered":"https:\/\/egiarecords.com\/?post_type=product&#038;p=5446"},"modified":"2026-03-14T14:00:27","modified_gmt":"2026-03-14T13:00:27","slug":"dire-straits-brothers-in-arms","status":"publish","type":"product","link":"https:\/\/egiarecords.com\/eu\/denda\/dire-straits-brothers-in-arms\/","title":{"rendered":"Dire Straits &#8211; Brothers In Arms"},"content":{"rendered":"<p>Desde el riff ic\u00f3nico y cargado de sintetizadores de &#8216;Money for Nothing&#8217; hasta la atm\u00f3sfera introspectiva de la canci\u00f3n que da t\u00edtulo al disco, el \u00e1lbum destaca por su claridad sonora y arreglos magistrales.<\/p>\n","protected":false},"excerpt":{"rendered":"<p>Desde el riff ic\u00f3nico y cargado de sintetizadores de &#8216;Money for Nothing&#8217; hasta la atm\u00f3sfera introspectiva de la canci\u00f3n que da t\u00edtulo al disco, el \u00e1lbum destaca por su claridad sonora y arreglos magistrales.<\/p>\n","protected":false},"featured_media":5448,"template":"","meta":[],"product_brand":[],"product_cat":[689],"product_tag":[],"sello":[1165,911,1053],"artista":[1574],"class_list":{"0":"post-5446","1":"product","2":"type-product","3":"status-publish","4":"has-post-thumbnail","6":"product_cat-vinilos","7":"sello-mercury","8":"sello-umc","9":"sello-vertigo","10":"artista-dire-straits","11":"fecha-312","12":"estilo-aor","13":"estilo-blues-rock","14":"estilo-classic-rock","16":"first","17":"instock","18":"taxable","19":"shipping-taxable","20":"purchasable","21":"product-type-simple"},"_links":{"self":[{"href":"https:\/\/egiarecords.com\/eu\/wp-json\/wp\/v2\/product\/5446","targetHints":{"allow":["GET"]}}],"collection":[{"href":"https:\/\/egiarecords.com\/eu\/wp-json\/wp\/v2\/product"}],"about":[{"href":"https:\/\/egiarecords.com\/eu\/wp-json\/wp\/v2\/types\/product"}],"wp:featuredmedia":[{"embeddable":true,"href":"https:\/\/egiarecords.com\/eu\/wp-json\/wp\/v2\/media\/5448"}],"wp:attachment":[{"href":"https:\/\/egiarecords.com\/eu\/wp-json\/wp\/v2\/media?parent=5446"}],"wp:term":[{"taxonomy":"product_brand","embeddable":true,"href":"https:\/\/egiarecords.com\/eu\/wp-json\/wp\/v2\/product_brand?post=5446"},{"taxonomy":"product_cat","embeddable":true,"href":"https:\/\/egiarecords.com\/eu\/wp-json\/wp\/v2\/product_cat?post=5446"},{"taxonomy":"product_tag","embeddable":true,"href":"https:\/\/egiarecords.com\/eu\/wp-json\/wp\/v2\/product_tag?post=5446"},{"taxonomy":"sello","embeddable":true,"href":"https:\/\/egiarecords.com\/eu\/wp-json\/wp\/v2\/sello?post=5446"},{"taxonomy":"artista","embeddable":true,"href":"https:\/\/egiarecords.com\/eu\/wp-json\/wp\/v2\/artista?post=5446"}],"curies":[{"name":"wp","href":"https:\/\/api.w.org\/{rel}","templated":true}]}}