{"id":5433,"date":"2026-03-13T18:04:20","date_gmt":"2026-03-13T17:04:20","guid":{"rendered":"https:\/\/egiarecords.com\/?post_type=product&#038;p=5433"},"modified":"2026-03-13T18:04:21","modified_gmt":"2026-03-13T17:04:21","slug":"tote-king-t-o-t-e","status":"publish","type":"product","link":"https:\/\/egiarecords.com\/eu\/denda\/tote-king-t-o-t-e\/","title":{"rendered":"Tote King &#8211; T.O.T.E."},"content":{"rendered":"<p>Es un \u00e1lbum que rompi\u00f3 moldes en el hip hop espa\u00f1ol, mostrando a un ToteKing en estado de gracia, capaz de mezclar referencias culturales elevadas con una cr\u00edtica social mordaz y directa<\/p>\n","protected":false},"excerpt":{"rendered":"<p>Es un \u00e1lbum que rompi\u00f3 moldes en el hip hop espa\u00f1ol, mostrando a un ToteKing en estado de gracia, capaz de mezclar referencias culturales elevadas con una cr\u00edtica social mordaz y directa<\/p>\n","protected":false},"featured_media":5436,"template":"","meta":[],"product_brand":[],"product_cat":[689],"product_tag":[],"sello":[44],"artista":[1573],"class_list":{"0":"post-5433","1":"product","2":"type-product","3":"status-publish","4":"has-post-thumbnail","6":"product_cat-vinilos","7":"sello-boa","8":"artista-tote-king","9":"fecha-317","11":"first","12":"instock","13":"taxable","14":"shipping-taxable","15":"purchasable","16":"product-type-simple"},"_links":{"self":[{"href":"https:\/\/egiarecords.com\/eu\/wp-json\/wp\/v2\/product\/5433","targetHints":{"allow":["GET"]}}],"collection":[{"href":"https:\/\/egiarecords.com\/eu\/wp-json\/wp\/v2\/product"}],"about":[{"href":"https:\/\/egiarecords.com\/eu\/wp-json\/wp\/v2\/types\/product"}],"wp:featuredmedia":[{"embeddable":true,"href":"https:\/\/egiarecords.com\/eu\/wp-json\/wp\/v2\/media\/5436"}],"wp:attachment":[{"href":"https:\/\/egiarecords.com\/eu\/wp-json\/wp\/v2\/media?parent=5433"}],"wp:term":[{"taxonomy":"product_brand","embeddable":true,"href":"https:\/\/egiarecords.com\/eu\/wp-json\/wp\/v2\/product_brand?post=5433"},{"taxonomy":"product_cat","embeddable":true,"href":"https:\/\/egiarecords.com\/eu\/wp-json\/wp\/v2\/product_cat?post=5433"},{"taxonomy":"product_tag","embeddable":true,"href":"https:\/\/egiarecords.com\/eu\/wp-json\/wp\/v2\/product_tag?post=5433"},{"taxonomy":"sello","embeddable":true,"href":"https:\/\/egiarecords.com\/eu\/wp-json\/wp\/v2\/sello?post=5433"},{"taxonomy":"artista","embeddable":true,"href":"https:\/\/egiarecords.com\/eu\/wp-json\/wp\/v2\/artista?post=5433"}],"curies":[{"name":"wp","href":"https:\/\/api.w.org\/{rel}","templated":true}]}}