{"id":5400,"date":"2026-03-11T12:41:04","date_gmt":"2026-03-11T11:41:04","guid":{"rendered":"https:\/\/egiarecords.com\/?post_type=product&#038;p=5400"},"modified":"2026-04-26T07:49:16","modified_gmt":"2026-04-26T05:49:16","slug":"stars-on-54-if-you-could-read-my-mind","status":"publish","type":"product","link":"https:\/\/egiarecords.com\/eu\/denda\/stars-on-54-if-you-could-read-my-mind\/","title":{"rendered":"Stars On 54 &#8211; If You Could Read My Mind"},"content":{"rendered":"<p>La uni\u00f3n de las divas del dance Ultra Nat\u00e9, Amber y Jocelyn Enriquez crea una armon\u00eda vocal poderosa, impulsada por un ritmo &#8216;eurodance&#8217; imparable y una producci\u00f3n cargada de brillo noventero.<\/p>\n","protected":false},"excerpt":{"rendered":"<p>La uni\u00f3n de las divas del dance Ultra Nat\u00e9, Amber y Jocelyn Enriquez crea una armon\u00eda vocal poderosa, impulsada por un ritmo &#8216;eurodance&#8217; imparable y una producci\u00f3n cargada de brillo noventero.<\/p>\n","protected":false},"featured_media":5403,"template":"","meta":[],"product_brand":[],"product_cat":[689],"product_tag":[],"sello":[1527],"artista":[1566],"class_list":{"0":"post-5400","1":"product","2":"type-product","3":"status-publish","4":"has-post-thumbnail","6":"product_cat-vinilos","7":"sello-tommy-boy","8":"artista-stars-on-54","9":"fecha-1397","10":"estilo-house","12":"first","13":"outofstock","14":"taxable","15":"shipping-taxable","16":"purchasable","17":"product-type-simple"},"_links":{"self":[{"href":"https:\/\/egiarecords.com\/eu\/wp-json\/wp\/v2\/product\/5400","targetHints":{"allow":["GET"]}}],"collection":[{"href":"https:\/\/egiarecords.com\/eu\/wp-json\/wp\/v2\/product"}],"about":[{"href":"https:\/\/egiarecords.com\/eu\/wp-json\/wp\/v2\/types\/product"}],"wp:featuredmedia":[{"embeddable":true,"href":"https:\/\/egiarecords.com\/eu\/wp-json\/wp\/v2\/media\/5403"}],"wp:attachment":[{"href":"https:\/\/egiarecords.com\/eu\/wp-json\/wp\/v2\/media?parent=5400"}],"wp:term":[{"taxonomy":"product_brand","embeddable":true,"href":"https:\/\/egiarecords.com\/eu\/wp-json\/wp\/v2\/product_brand?post=5400"},{"taxonomy":"product_cat","embeddable":true,"href":"https:\/\/egiarecords.com\/eu\/wp-json\/wp\/v2\/product_cat?post=5400"},{"taxonomy":"product_tag","embeddable":true,"href":"https:\/\/egiarecords.com\/eu\/wp-json\/wp\/v2\/product_tag?post=5400"},{"taxonomy":"sello","embeddable":true,"href":"https:\/\/egiarecords.com\/eu\/wp-json\/wp\/v2\/sello?post=5400"},{"taxonomy":"artista","embeddable":true,"href":"https:\/\/egiarecords.com\/eu\/wp-json\/wp\/v2\/artista?post=5400"}],"curies":[{"name":"wp","href":"https:\/\/api.w.org\/{rel}","templated":true}]}}