{"id":5361,"date":"2026-03-11T11:29:21","date_gmt":"2026-03-11T10:29:21","guid":{"rendered":"https:\/\/egiarecords.com\/?post_type=product&#038;p=5361"},"modified":"2026-03-11T11:29:21","modified_gmt":"2026-03-11T10:29:21","slug":"status-quo-12-gold-bars","status":"publish","type":"product","link":"https:\/\/egiarecords.com\/eu\/denda\/status-quo-12-gold-bars\/","title":{"rendered":"Status Quo &#8211; 12 Gold Bars"},"content":{"rendered":"<p>Desde el riff inconfundible de &#8216;Whatever You Want&#8217; hasta el pulso imparable de &#8216;Rockin&#8217; All Over the World&#8217;, el disco es una celebraci\u00f3n del &#8216;shuffle&#8217; y las guitarras el\u00e9ctricas m\u00e1s directas.<\/p>\n","protected":false},"excerpt":{"rendered":"<p>Desde el riff inconfundible de &#8216;Whatever You Want&#8217; hasta el pulso imparable de &#8216;Rockin&#8217; All Over the World&#8217;, el disco es una celebraci\u00f3n del &#8216;shuffle&#8217; y las guitarras el\u00e9ctricas m\u00e1s directas.<\/p>\n","protected":false},"featured_media":5363,"template":"","meta":[],"product_brand":[],"product_cat":[689],"product_tag":[],"sello":[1053],"artista":[1558],"class_list":{"0":"post-5361","1":"product","2":"type-product","3":"status-publish","4":"has-post-thumbnail","6":"product_cat-vinilos","7":"sello-vertigo","8":"artista-status-quo","9":"estilo-classic-rock","11":"first","12":"instock","13":"taxable","14":"shipping-taxable","15":"purchasable","16":"product-type-simple"},"_links":{"self":[{"href":"https:\/\/egiarecords.com\/eu\/wp-json\/wp\/v2\/product\/5361","targetHints":{"allow":["GET"]}}],"collection":[{"href":"https:\/\/egiarecords.com\/eu\/wp-json\/wp\/v2\/product"}],"about":[{"href":"https:\/\/egiarecords.com\/eu\/wp-json\/wp\/v2\/types\/product"}],"wp:featuredmedia":[{"embeddable":true,"href":"https:\/\/egiarecords.com\/eu\/wp-json\/wp\/v2\/media\/5363"}],"wp:attachment":[{"href":"https:\/\/egiarecords.com\/eu\/wp-json\/wp\/v2\/media?parent=5361"}],"wp:term":[{"taxonomy":"product_brand","embeddable":true,"href":"https:\/\/egiarecords.com\/eu\/wp-json\/wp\/v2\/product_brand?post=5361"},{"taxonomy":"product_cat","embeddable":true,"href":"https:\/\/egiarecords.com\/eu\/wp-json\/wp\/v2\/product_cat?post=5361"},{"taxonomy":"product_tag","embeddable":true,"href":"https:\/\/egiarecords.com\/eu\/wp-json\/wp\/v2\/product_tag?post=5361"},{"taxonomy":"sello","embeddable":true,"href":"https:\/\/egiarecords.com\/eu\/wp-json\/wp\/v2\/sello?post=5361"},{"taxonomy":"artista","embeddable":true,"href":"https:\/\/egiarecords.com\/eu\/wp-json\/wp\/v2\/artista?post=5361"}],"curies":[{"name":"wp","href":"https:\/\/api.w.org\/{rel}","templated":true}]}}