{"id":5355,"date":"2026-03-11T11:25:41","date_gmt":"2026-03-11T10:25:41","guid":{"rendered":"https:\/\/egiarecords.com\/?post_type=product&#038;p=5355"},"modified":"2026-03-16T12:17:40","modified_gmt":"2026-03-16T11:17:40","slug":"morrissey-make-up-is-a-lie","status":"publish","type":"product","link":"https:\/\/egiarecords.com\/eu\/denda\/morrissey-make-up-is-a-lie\/","title":{"rendered":"Morrissey &#8211; Make-Up Is A Lie"},"content":{"rendered":"<p>Lanzada como parte de su material m\u00e1s reciente, demuestra que su capacidad para crear himnos para los inadaptados y los esc\u00e9pticos sigue tan afilada como en sus mejores a\u00f1os<\/p>\n","protected":false},"excerpt":{"rendered":"<p>Lanzada como parte de su material m\u00e1s reciente, demuestra que su capacidad para crear himnos para los inadaptados y los esc\u00e9pticos sigue tan afilada como en sus mejores a\u00f1os<\/p>\n","protected":false},"featured_media":5359,"template":"","meta":[],"product_brand":[],"product_cat":[689],"product_tag":[],"sello":[1464],"artista":[1557],"class_list":{"0":"post-5355","1":"product","2":"type-product","3":"status-publish","4":"has-post-thumbnail","6":"product_cat-vinilos","7":"sello-sire","8":"artista-morrissey","9":"fecha-1302","10":"estilo-indie-rock","11":"estilo-pop-rock","13":"first","14":"outofstock","15":"taxable","16":"shipping-taxable","17":"purchasable","18":"product-type-simple"},"_links":{"self":[{"href":"https:\/\/egiarecords.com\/eu\/wp-json\/wp\/v2\/product\/5355","targetHints":{"allow":["GET"]}}],"collection":[{"href":"https:\/\/egiarecords.com\/eu\/wp-json\/wp\/v2\/product"}],"about":[{"href":"https:\/\/egiarecords.com\/eu\/wp-json\/wp\/v2\/types\/product"}],"wp:featuredmedia":[{"embeddable":true,"href":"https:\/\/egiarecords.com\/eu\/wp-json\/wp\/v2\/media\/5359"}],"wp:attachment":[{"href":"https:\/\/egiarecords.com\/eu\/wp-json\/wp\/v2\/media?parent=5355"}],"wp:term":[{"taxonomy":"product_brand","embeddable":true,"href":"https:\/\/egiarecords.com\/eu\/wp-json\/wp\/v2\/product_brand?post=5355"},{"taxonomy":"product_cat","embeddable":true,"href":"https:\/\/egiarecords.com\/eu\/wp-json\/wp\/v2\/product_cat?post=5355"},{"taxonomy":"product_tag","embeddable":true,"href":"https:\/\/egiarecords.com\/eu\/wp-json\/wp\/v2\/product_tag?post=5355"},{"taxonomy":"sello","embeddable":true,"href":"https:\/\/egiarecords.com\/eu\/wp-json\/wp\/v2\/sello?post=5355"},{"taxonomy":"artista","embeddable":true,"href":"https:\/\/egiarecords.com\/eu\/wp-json\/wp\/v2\/artista?post=5355"}],"curies":[{"name":"wp","href":"https:\/\/api.w.org\/{rel}","templated":true}]}}