{"id":5320,"date":"2026-03-10T19:13:02","date_gmt":"2026-03-10T18:13:02","guid":{"rendered":"https:\/\/egiarecords.com\/?post_type=product&#038;p=5320"},"modified":"2026-03-28T10:53:04","modified_gmt":"2026-03-28T09:53:04","slug":"erykah-badu-mamas-gun","status":"publish","type":"product","link":"https:\/\/egiarecords.com\/eu\/denda\/erykah-badu-mamas-gun\/","title":{"rendered":"Erykah Badu &#8211; Mama&#8217;s Gun"},"content":{"rendered":"<p>Con cl\u00e1sicos inmediatos como &#8216;Bag Lady&#8217; y la profunda &#8216;Didn&#8217;t Cha Know&#8217;, este trabajo consolid\u00f3 a Erykah como la arquitecta de un sonido introspectivo y socialmente consciente que sigue influyendo a toda la m\u00fasica urbana actual.<\/p>\n","protected":false},"excerpt":{"rendered":"<p>Con cl\u00e1sicos inmediatos como &#8216;Bag Lady&#8217; y la profunda &#8216;Didn&#8217;t Cha Know&#8217;, este trabajo consolid\u00f3 a Erykah como la arquitecta de un sonido introspectivo y socialmente consciente que sigue influyendo a toda la m\u00fasica urbana actual.<\/p>\n","protected":false},"featured_media":5321,"template":"","meta":[],"product_brand":[],"product_cat":[689],"product_tag":[],"sello":[942,1168],"artista":[941],"class_list":{"0":"post-5320","1":"product","2":"type-product","3":"status-publish","4":"has-post-thumbnail","6":"product_cat-vinilos","7":"sello-motown","8":"sello-universal-music-group-international","9":"artista-erykah-badu","10":"fecha-368","11":"estilo-contemporary-rb","12":"estilo-neo-soul","14":"first","15":"instock","16":"taxable","17":"shipping-taxable","18":"purchasable","19":"product-type-simple"},"_links":{"self":[{"href":"https:\/\/egiarecords.com\/eu\/wp-json\/wp\/v2\/product\/5320","targetHints":{"allow":["GET"]}}],"collection":[{"href":"https:\/\/egiarecords.com\/eu\/wp-json\/wp\/v2\/product"}],"about":[{"href":"https:\/\/egiarecords.com\/eu\/wp-json\/wp\/v2\/types\/product"}],"wp:featuredmedia":[{"embeddable":true,"href":"https:\/\/egiarecords.com\/eu\/wp-json\/wp\/v2\/media\/5321"}],"wp:attachment":[{"href":"https:\/\/egiarecords.com\/eu\/wp-json\/wp\/v2\/media?parent=5320"}],"wp:term":[{"taxonomy":"product_brand","embeddable":true,"href":"https:\/\/egiarecords.com\/eu\/wp-json\/wp\/v2\/product_brand?post=5320"},{"taxonomy":"product_cat","embeddable":true,"href":"https:\/\/egiarecords.com\/eu\/wp-json\/wp\/v2\/product_cat?post=5320"},{"taxonomy":"product_tag","embeddable":true,"href":"https:\/\/egiarecords.com\/eu\/wp-json\/wp\/v2\/product_tag?post=5320"},{"taxonomy":"sello","embeddable":true,"href":"https:\/\/egiarecords.com\/eu\/wp-json\/wp\/v2\/sello?post=5320"},{"taxonomy":"artista","embeddable":true,"href":"https:\/\/egiarecords.com\/eu\/wp-json\/wp\/v2\/artista?post=5320"}],"curies":[{"name":"wp","href":"https:\/\/api.w.org\/{rel}","templated":true}]}}