{"id":5259,"date":"2026-03-10T17:03:56","date_gmt":"2026-03-10T16:03:56","guid":{"rendered":"https:\/\/egiarecords.com\/?post_type=product&#038;p=5259"},"modified":"2026-03-10T17:03:57","modified_gmt":"2026-03-10T16:03:57","slug":"ms-dynamite-a-little-deeper","status":"publish","type":"product","link":"https:\/\/egiarecords.com\/eu\/denda\/ms-dynamite-a-little-deeper\/","title":{"rendered":"Ms. Dynamite &#8211; A Little Deeper"},"content":{"rendered":"<p>Fue un hito cultural que rompi\u00f3 barreras para las mujeres en la escena urbana del Reino Unido, logrando el \u00e9xito comercial con himnos como &#8216;It Takes More&#8217; y &#8216;Dy-Na-Mi-Tee&#8217; sin perder ni un \u00e1pice de su esp\u00edritu cr\u00edtico<\/p>\n","protected":false},"excerpt":{"rendered":"<p>Fue un hito cultural que rompi\u00f3 barreras para las mujeres en la escena urbana del Reino Unido, logrando el \u00e9xito comercial con himnos como &#8216;It Takes More&#8217; y &#8216;Dy-Na-Mi-Tee&#8217; sin perder ni un \u00e1pice de su esp\u00edritu cr\u00edtico<\/p>\n","protected":false},"featured_media":5262,"template":"","meta":[],"product_brand":[],"product_cat":[689],"product_tag":[],"sello":[619],"artista":[1529],"class_list":{"0":"post-5259","1":"product","2":"type-product","3":"status-publish","4":"has-post-thumbnail","6":"product_cat-vinilos","7":"sello-polydor","8":"artista-ms-dynamite","9":"fecha-306","10":"estilo-contemporary-rb","12":"first","13":"instock","14":"sale","15":"taxable","16":"shipping-taxable","17":"purchasable","18":"product-type-simple"},"_links":{"self":[{"href":"https:\/\/egiarecords.com\/eu\/wp-json\/wp\/v2\/product\/5259","targetHints":{"allow":["GET"]}}],"collection":[{"href":"https:\/\/egiarecords.com\/eu\/wp-json\/wp\/v2\/product"}],"about":[{"href":"https:\/\/egiarecords.com\/eu\/wp-json\/wp\/v2\/types\/product"}],"wp:featuredmedia":[{"embeddable":true,"href":"https:\/\/egiarecords.com\/eu\/wp-json\/wp\/v2\/media\/5262"}],"wp:attachment":[{"href":"https:\/\/egiarecords.com\/eu\/wp-json\/wp\/v2\/media?parent=5259"}],"wp:term":[{"taxonomy":"product_brand","embeddable":true,"href":"https:\/\/egiarecords.com\/eu\/wp-json\/wp\/v2\/product_brand?post=5259"},{"taxonomy":"product_cat","embeddable":true,"href":"https:\/\/egiarecords.com\/eu\/wp-json\/wp\/v2\/product_cat?post=5259"},{"taxonomy":"product_tag","embeddable":true,"href":"https:\/\/egiarecords.com\/eu\/wp-json\/wp\/v2\/product_tag?post=5259"},{"taxonomy":"sello","embeddable":true,"href":"https:\/\/egiarecords.com\/eu\/wp-json\/wp\/v2\/sello?post=5259"},{"taxonomy":"artista","embeddable":true,"href":"https:\/\/egiarecords.com\/eu\/wp-json\/wp\/v2\/artista?post=5259"}],"curies":[{"name":"wp","href":"https:\/\/api.w.org\/{rel}","templated":true}]}}