{"id":5231,"date":"2026-03-09T20:29:54","date_gmt":"2026-03-09T19:29:54","guid":{"rendered":"https:\/\/egiarecords.com\/?post_type=product&#038;p=5231"},"modified":"2026-03-09T20:30:07","modified_gmt":"2026-03-09T19:30:07","slug":"the-chemical-brothers-further","status":"publish","type":"product","link":"https:\/\/egiarecords.com\/eu\/denda\/the-chemical-brothers-further\/","title":{"rendered":"The Chemical Brothers &#8211; Further"},"content":{"rendered":"<p>Con temas expansivos como &#8216;Swoon&#8217; o &#8216;Escape Velocity&#8217;, el disco recupera la energ\u00eda de los sintetizadores anal\u00f3gicos y las estructuras progresivas, demostrando que todav\u00eda pod\u00edan llevar su sonido un paso m\u00e1s all\u00e1 (o <i data-path-to-node=\"2,1,0\" data-index-in-node=\"232\">further<\/i>).<\/p>\n","protected":false},"excerpt":{"rendered":"<p>Con temas expansivos como &#8216;Swoon&#8217; o &#8216;Escape Velocity&#8217;, el disco recupera la energ\u00eda de los sintetizadores anal\u00f3gicos y las estructuras progresivas, demostrando que todav\u00eda pod\u00edan llevar su sonido un paso m\u00e1s all\u00e1 (o further).<\/p>\n","protected":false},"featured_media":5233,"template":"","meta":[],"product_brand":[],"product_cat":[689],"product_tag":[],"sello":[1523,400],"artista":[1522],"class_list":{"0":"post-5231","1":"product","2":"type-product","3":"status-publish","4":"has-post-thumbnail","6":"product_cat-vinilos","7":"sello-freestyle-dust","8":"sello-parlophone","9":"artista-the-chemical-brothers","10":"fecha-368","11":"estilo-big-beat","13":"first","14":"instock","15":"taxable","16":"shipping-taxable","17":"purchasable","18":"product-type-simple"},"_links":{"self":[{"href":"https:\/\/egiarecords.com\/eu\/wp-json\/wp\/v2\/product\/5231","targetHints":{"allow":["GET"]}}],"collection":[{"href":"https:\/\/egiarecords.com\/eu\/wp-json\/wp\/v2\/product"}],"about":[{"href":"https:\/\/egiarecords.com\/eu\/wp-json\/wp\/v2\/types\/product"}],"wp:featuredmedia":[{"embeddable":true,"href":"https:\/\/egiarecords.com\/eu\/wp-json\/wp\/v2\/media\/5233"}],"wp:attachment":[{"href":"https:\/\/egiarecords.com\/eu\/wp-json\/wp\/v2\/media?parent=5231"}],"wp:term":[{"taxonomy":"product_brand","embeddable":true,"href":"https:\/\/egiarecords.com\/eu\/wp-json\/wp\/v2\/product_brand?post=5231"},{"taxonomy":"product_cat","embeddable":true,"href":"https:\/\/egiarecords.com\/eu\/wp-json\/wp\/v2\/product_cat?post=5231"},{"taxonomy":"product_tag","embeddable":true,"href":"https:\/\/egiarecords.com\/eu\/wp-json\/wp\/v2\/product_tag?post=5231"},{"taxonomy":"sello","embeddable":true,"href":"https:\/\/egiarecords.com\/eu\/wp-json\/wp\/v2\/sello?post=5231"},{"taxonomy":"artista","embeddable":true,"href":"https:\/\/egiarecords.com\/eu\/wp-json\/wp\/v2\/artista?post=5231"}],"curies":[{"name":"wp","href":"https:\/\/api.w.org\/{rel}","templated":true}]}}