{"id":5208,"date":"2026-03-09T17:56:33","date_gmt":"2026-03-09T16:56:33","guid":{"rendered":"https:\/\/egiarecords.com\/?post_type=product&#038;p=5208"},"modified":"2026-03-09T17:56:46","modified_gmt":"2026-03-09T16:56:46","slug":"grauzone-eisbaer","status":"publish","type":"product","link":"https:\/\/egiarecords.com\/eu\/denda\/grauzone-eisbaer\/","title":{"rendered":"Grauzone &#8211; Eisb\u00e6r"},"content":{"rendered":"<p data-path-to-node=\"2,0,0\">Es la definici\u00f3n perfecta del minimalismo sint\u00e9tico; un bajo hipn\u00f3tico y una bater\u00eda mec\u00e1nica que sostienen una atm\u00f3sfera de fr\u00edo industrial, rota solo por ese saxof\u00f3n desquiciado.<\/p>\n<p data-path-to-node=\"2,1,0\">La letra, que expresa el deseo de ser un oso polar para no tener que sentir nada, captura de forma magistral la alienaci\u00f3n y el existencialismo de la vanguardia europea de principios de los 80.<\/p>\n<p data-path-to-node=\"2,2,0\">Aunque naci\u00f3 en la escena <i data-path-to-node=\"2,2,0\" data-index-in-node=\"43\">underground<\/i> suiza, &#8216;Eisb\u00e4r&#8217; se convirti\u00f3 en un \u00e9xito transgeneracional que fusion\u00f3 el esp\u00edritu del <i data-path-to-node=\"2,2,0\" data-index-in-node=\"142\">punk<\/i> con la m\u00fasica electr\u00f3nica, influyendo a incontables artistas de <i data-path-to-node=\"2,2,0\" data-index-in-node=\"211\">electro<\/i> y <i data-path-to-node=\"2,2,0\" data-index-in-node=\"221\">techno<\/i> d\u00e9cadas despu\u00e9s.<\/p>\n","protected":false},"excerpt":{"rendered":"<p>Es la definici\u00f3n perfecta del minimalismo sint\u00e9tico; un bajo hipn\u00f3tico y una bater\u00eda mec\u00e1nica que sostienen una atm\u00f3sfera de fr\u00edo industrial, rota solo por ese saxof\u00f3n desquiciado. La letra, que expresa el deseo de ser un oso polar para no tener que sentir nada, captura de forma magistral la alienaci\u00f3n y el existencialismo de la [&hellip;]<\/p>\n","protected":false},"featured_media":5212,"template":"","meta":[],"product_brand":[],"product_cat":[689],"product_tag":[],"sello":[1517],"artista":[1514],"class_list":{"0":"post-5208","1":"product","2":"type-product","3":"status-publish","4":"has-post-thumbnail","6":"product_cat-vinilos","7":"sello-we-release-whatever-the-fuck-we-want-records","8":"artista-grauzone","9":"fecha-305","10":"estilo-ebm","11":"estilo-ndw","12":"estilo-new-wave","13":"estilo-synth-pop","15":"first","16":"instock","17":"taxable","18":"shipping-taxable","19":"purchasable","20":"product-type-simple"},"_links":{"self":[{"href":"https:\/\/egiarecords.com\/eu\/wp-json\/wp\/v2\/product\/5208","targetHints":{"allow":["GET"]}}],"collection":[{"href":"https:\/\/egiarecords.com\/eu\/wp-json\/wp\/v2\/product"}],"about":[{"href":"https:\/\/egiarecords.com\/eu\/wp-json\/wp\/v2\/types\/product"}],"wp:featuredmedia":[{"embeddable":true,"href":"https:\/\/egiarecords.com\/eu\/wp-json\/wp\/v2\/media\/5212"}],"wp:attachment":[{"href":"https:\/\/egiarecords.com\/eu\/wp-json\/wp\/v2\/media?parent=5208"}],"wp:term":[{"taxonomy":"product_brand","embeddable":true,"href":"https:\/\/egiarecords.com\/eu\/wp-json\/wp\/v2\/product_brand?post=5208"},{"taxonomy":"product_cat","embeddable":true,"href":"https:\/\/egiarecords.com\/eu\/wp-json\/wp\/v2\/product_cat?post=5208"},{"taxonomy":"product_tag","embeddable":true,"href":"https:\/\/egiarecords.com\/eu\/wp-json\/wp\/v2\/product_tag?post=5208"},{"taxonomy":"sello","embeddable":true,"href":"https:\/\/egiarecords.com\/eu\/wp-json\/wp\/v2\/sello?post=5208"},{"taxonomy":"artista","embeddable":true,"href":"https:\/\/egiarecords.com\/eu\/wp-json\/wp\/v2\/artista?post=5208"}],"curies":[{"name":"wp","href":"https:\/\/api.w.org\/{rel}","templated":true}]}}