{"id":5199,"date":"2026-03-24T13:28:05","date_gmt":"2026-03-24T12:28:05","guid":{"rendered":"https:\/\/egiarecords.com\/?post_type=product&#038;p=5199"},"modified":"2026-03-24T13:28:17","modified_gmt":"2026-03-24T12:28:17","slug":"amber-broos-arpegia-without-you","status":"publish","type":"product","link":"https:\/\/egiarecords.com\/eu\/denda\/amber-broos-arpegia-without-you\/","title":{"rendered":"Amber Broos &#8211; Arpegia (Without You)"},"content":{"rendered":"<p>Es una actualizaci\u00f3n magistral que respeta la esencia mel\u00f3dica del &#8216;Arpegia&#8217; original pero le inyecta una energ\u00eda renovada, con una producci\u00f3n de techno mel\u00f3dico contempor\u00e1neo lista para los escenarios m\u00e1s grandes<\/p>\n","protected":false},"excerpt":{"rendered":"<p>Es una actualizaci\u00f3n magistral que respeta la esencia mel\u00f3dica del &#8216;Arpegia&#8217; original pero le inyecta una energ\u00eda renovada, con una producci\u00f3n de techno mel\u00f3dico contempor\u00e1neo lista para los escenarios m\u00e1s grandes<\/p>\n","protected":false},"featured_media":5204,"template":"","meta":[],"product_brand":[],"product_cat":[689],"product_tag":[],"sello":[1513],"artista":[1510,1512,1511],"class_list":{"0":"post-5199","1":"product","2":"type-product","3":"status-publish","4":"has-post-thumbnail","6":"product_cat-vinilos","7":"sello-serious-beats-classics","8":"artista-amber-broos","9":"artista-jessy","10":"artista-the-mackenzie","11":"fecha-305","12":"estilo-trance","14":"first","15":"instock","16":"taxable","17":"shipping-taxable","18":"purchasable","19":"product-type-simple"},"_links":{"self":[{"href":"https:\/\/egiarecords.com\/eu\/wp-json\/wp\/v2\/product\/5199","targetHints":{"allow":["GET"]}}],"collection":[{"href":"https:\/\/egiarecords.com\/eu\/wp-json\/wp\/v2\/product"}],"about":[{"href":"https:\/\/egiarecords.com\/eu\/wp-json\/wp\/v2\/types\/product"}],"wp:featuredmedia":[{"embeddable":true,"href":"https:\/\/egiarecords.com\/eu\/wp-json\/wp\/v2\/media\/5204"}],"wp:attachment":[{"href":"https:\/\/egiarecords.com\/eu\/wp-json\/wp\/v2\/media?parent=5199"}],"wp:term":[{"taxonomy":"product_brand","embeddable":true,"href":"https:\/\/egiarecords.com\/eu\/wp-json\/wp\/v2\/product_brand?post=5199"},{"taxonomy":"product_cat","embeddable":true,"href":"https:\/\/egiarecords.com\/eu\/wp-json\/wp\/v2\/product_cat?post=5199"},{"taxonomy":"product_tag","embeddable":true,"href":"https:\/\/egiarecords.com\/eu\/wp-json\/wp\/v2\/product_tag?post=5199"},{"taxonomy":"sello","embeddable":true,"href":"https:\/\/egiarecords.com\/eu\/wp-json\/wp\/v2\/sello?post=5199"},{"taxonomy":"artista","embeddable":true,"href":"https:\/\/egiarecords.com\/eu\/wp-json\/wp\/v2\/artista?post=5199"}],"curies":[{"name":"wp","href":"https:\/\/api.w.org\/{rel}","templated":true}]}}