{"id":5193,"date":"2026-03-09T16:50:17","date_gmt":"2026-03-09T15:50:17","guid":{"rendered":"https:\/\/egiarecords.com\/?post_type=product&#038;p=5193"},"modified":"2026-04-05T11:04:56","modified_gmt":"2026-04-05T09:04:56","slug":"trance-pearlz-flashback-01","status":"publish","type":"product","link":"https:\/\/egiarecords.com\/eu\/denda\/trance-pearlz-flashback-01\/","title":{"rendered":"Trance Pearlz &#8211; Flashback #01"},"content":{"rendered":"<p>Bajo este alias, Petrovic explor\u00f3 una vertiente m\u00e1s contundente y oscura que en sus trabajos como Pulsedriver, enfoc\u00e1ndose en la energ\u00eda pura y los ritmos acelerados<\/p>\n","protected":false},"excerpt":{"rendered":"<p>Bajo este alias, Petrovic explor\u00f3 una vertiente m\u00e1s contundente y oscura que en sus trabajos como Pulsedriver, enfoc\u00e1ndose en la energ\u00eda pura y los ritmos acelerados<\/p>\n","protected":false},"featured_media":5196,"template":"","meta":[],"product_brand":[],"product_cat":[689],"product_tag":[],"sello":[1509,1508],"artista":[],"class_list":{"0":"post-5193","1":"product","2":"type-product","3":"status-publish","4":"has-post-thumbnail","6":"product_cat-vinilos","7":"sello-allsound","8":"sello-vinyl-classics","9":"fecha-305","10":"estilo-hard-trance","11":"estilo-trance","13":"first","14":"instock","15":"taxable","16":"shipping-taxable","17":"purchasable","18":"product-type-simple"},"_links":{"self":[{"href":"https:\/\/egiarecords.com\/eu\/wp-json\/wp\/v2\/product\/5193","targetHints":{"allow":["GET"]}}],"collection":[{"href":"https:\/\/egiarecords.com\/eu\/wp-json\/wp\/v2\/product"}],"about":[{"href":"https:\/\/egiarecords.com\/eu\/wp-json\/wp\/v2\/types\/product"}],"wp:featuredmedia":[{"embeddable":true,"href":"https:\/\/egiarecords.com\/eu\/wp-json\/wp\/v2\/media\/5196"}],"wp:attachment":[{"href":"https:\/\/egiarecords.com\/eu\/wp-json\/wp\/v2\/media?parent=5193"}],"wp:term":[{"taxonomy":"product_brand","embeddable":true,"href":"https:\/\/egiarecords.com\/eu\/wp-json\/wp\/v2\/product_brand?post=5193"},{"taxonomy":"product_cat","embeddable":true,"href":"https:\/\/egiarecords.com\/eu\/wp-json\/wp\/v2\/product_cat?post=5193"},{"taxonomy":"product_tag","embeddable":true,"href":"https:\/\/egiarecords.com\/eu\/wp-json\/wp\/v2\/product_tag?post=5193"},{"taxonomy":"sello","embeddable":true,"href":"https:\/\/egiarecords.com\/eu\/wp-json\/wp\/v2\/sello?post=5193"},{"taxonomy":"artista","embeddable":true,"href":"https:\/\/egiarecords.com\/eu\/wp-json\/wp\/v2\/artista?post=5193"}],"curies":[{"name":"wp","href":"https:\/\/api.w.org\/{rel}","templated":true}]}}