{"id":5116,"date":"2026-03-04T19:14:27","date_gmt":"2026-03-04T18:14:27","guid":{"rendered":"https:\/\/egiarecords.com\/?post_type=product&#038;p=5116"},"modified":"2026-03-12T18:32:10","modified_gmt":"2026-03-12T17:32:10","slug":"the-other-people-place-lifestyles-of-the-laptop-cafe","status":"publish","type":"product","link":"https:\/\/egiarecords.com\/eu\/denda\/the-other-people-place-lifestyles-of-the-laptop-cafe\/","title":{"rendered":"The Other People Place &#8211; Lifestyles Of The Laptop Caf\u00e9"},"content":{"rendered":"<p data-path-to-node=\"2,0,0\">Es uno de los discos m\u00e1s c\u00e1lidos y humanos del techno de Detroit, donde James Stinson (mitad de Drexciya) sustituye la mitolog\u00eda submarina por un electro minimalista, pausado y profundamente melanc\u00f3lico.<\/p>\n<p data-path-to-node=\"2,0,0\">A trav\u00e9s de sus ritmos anal\u00f3gicos y sintetizadores et\u00e9reos, el \u00e1lbum explora la soledad y la conexi\u00f3n en la era digital con una sensibilidad que se siente casi org\u00e1nica.<\/p>\n<p data-path-to-node=\"2,0,0\">Lanzado poco antes de la muerte de Stinson, se ha convertido en un testamento musical imprescindible, una joya de culto que demuestra que las m\u00e1quinas tambi\u00e9n pueden tener alma y sentimientos.<\/p>\n","protected":false},"excerpt":{"rendered":"<p>Es uno de los discos m\u00e1s c\u00e1lidos y humanos del techno de Detroit, donde James Stinson (mitad de Drexciya) sustituye la mitolog\u00eda submarina por un electro minimalista, pausado y profundamente melanc\u00f3lico. A trav\u00e9s de sus ritmos anal\u00f3gicos y sintetizadores et\u00e9reos, el \u00e1lbum explora la soledad y la conexi\u00f3n en la era digital con una sensibilidad [&hellip;]<\/p>\n","protected":false},"featured_media":5119,"template":"","meta":[],"product_brand":[],"product_cat":[689],"product_tag":[],"sello":[333],"artista":[1496],"class_list":{"0":"post-5116","1":"product","2":"type-product","3":"status-publish","4":"has-post-thumbnail","6":"product_cat-vinilos","7":"sello-warp-records","8":"artista-the-other-people-place","9":"fecha-459","10":"estilo-electro","12":"first","13":"outofstock","14":"taxable","15":"shipping-taxable","16":"purchasable","17":"product-type-simple"},"_links":{"self":[{"href":"https:\/\/egiarecords.com\/eu\/wp-json\/wp\/v2\/product\/5116","targetHints":{"allow":["GET"]}}],"collection":[{"href":"https:\/\/egiarecords.com\/eu\/wp-json\/wp\/v2\/product"}],"about":[{"href":"https:\/\/egiarecords.com\/eu\/wp-json\/wp\/v2\/types\/product"}],"wp:featuredmedia":[{"embeddable":true,"href":"https:\/\/egiarecords.com\/eu\/wp-json\/wp\/v2\/media\/5119"}],"wp:attachment":[{"href":"https:\/\/egiarecords.com\/eu\/wp-json\/wp\/v2\/media?parent=5116"}],"wp:term":[{"taxonomy":"product_brand","embeddable":true,"href":"https:\/\/egiarecords.com\/eu\/wp-json\/wp\/v2\/product_brand?post=5116"},{"taxonomy":"product_cat","embeddable":true,"href":"https:\/\/egiarecords.com\/eu\/wp-json\/wp\/v2\/product_cat?post=5116"},{"taxonomy":"product_tag","embeddable":true,"href":"https:\/\/egiarecords.com\/eu\/wp-json\/wp\/v2\/product_tag?post=5116"},{"taxonomy":"sello","embeddable":true,"href":"https:\/\/egiarecords.com\/eu\/wp-json\/wp\/v2\/sello?post=5116"},{"taxonomy":"artista","embeddable":true,"href":"https:\/\/egiarecords.com\/eu\/wp-json\/wp\/v2\/artista?post=5116"}],"curies":[{"name":"wp","href":"https:\/\/api.w.org\/{rel}","templated":true}]}}