{"id":4985,"date":"2026-02-26T20:59:45","date_gmt":"2026-02-26T19:59:45","guid":{"rendered":"https:\/\/egiarecords.com\/?post_type=product&#038;p=4985"},"modified":"2026-02-26T20:59:45","modified_gmt":"2026-02-26T19:59:45","slug":"nina-simone-ninas-back","status":"publish","type":"product","link":"https:\/\/egiarecords.com\/eu\/denda\/nina-simone-ninas-back\/","title":{"rendered":"Nina Simone &#8211; Nina&#8217;s Back!"},"content":{"rendered":"<p>Es un \u00e1lbum fascinante por su sonido ochentero, donde la calidez del jazz y el blues de Nina se encuentra con sintetizadores y una producci\u00f3n m\u00e1s brillante, d\u00e1ndole un aire contempor\u00e1neo a su esencia cl\u00e1sica.<\/p>\n","protected":false},"excerpt":{"rendered":"<p>Es un \u00e1lbum fascinante por su sonido ochentero, donde la calidez del jazz y el blues de Nina se encuentra con sintetizadores y una producci\u00f3n m\u00e1s brillante, d\u00e1ndole un aire contempor\u00e1neo a su esencia cl\u00e1sica.<\/p>\n","protected":false},"featured_media":4988,"template":"","meta":[],"product_brand":[],"product_cat":[689],"product_tag":[],"sello":[1149],"artista":[1351],"class_list":{"0":"post-4985","1":"product","2":"type-product","3":"status-publish","4":"has-post-thumbnail","6":"product_cat-vinilos","7":"sello-verve-records","8":"artista-nina-simone","9":"fecha-334","10":"estilo-soul","12":"first","13":"instock","14":"taxable","15":"shipping-taxable","16":"purchasable","17":"product-type-simple"},"_links":{"self":[{"href":"https:\/\/egiarecords.com\/eu\/wp-json\/wp\/v2\/product\/4985","targetHints":{"allow":["GET"]}}],"collection":[{"href":"https:\/\/egiarecords.com\/eu\/wp-json\/wp\/v2\/product"}],"about":[{"href":"https:\/\/egiarecords.com\/eu\/wp-json\/wp\/v2\/types\/product"}],"wp:featuredmedia":[{"embeddable":true,"href":"https:\/\/egiarecords.com\/eu\/wp-json\/wp\/v2\/media\/4988"}],"wp:attachment":[{"href":"https:\/\/egiarecords.com\/eu\/wp-json\/wp\/v2\/media?parent=4985"}],"wp:term":[{"taxonomy":"product_brand","embeddable":true,"href":"https:\/\/egiarecords.com\/eu\/wp-json\/wp\/v2\/product_brand?post=4985"},{"taxonomy":"product_cat","embeddable":true,"href":"https:\/\/egiarecords.com\/eu\/wp-json\/wp\/v2\/product_cat?post=4985"},{"taxonomy":"product_tag","embeddable":true,"href":"https:\/\/egiarecords.com\/eu\/wp-json\/wp\/v2\/product_tag?post=4985"},{"taxonomy":"sello","embeddable":true,"href":"https:\/\/egiarecords.com\/eu\/wp-json\/wp\/v2\/sello?post=4985"},{"taxonomy":"artista","embeddable":true,"href":"https:\/\/egiarecords.com\/eu\/wp-json\/wp\/v2\/artista?post=4985"}],"curies":[{"name":"wp","href":"https:\/\/api.w.org\/{rel}","templated":true}]}}