{"id":4977,"date":"2026-02-26T20:49:25","date_gmt":"2026-02-26T19:49:25","guid":{"rendered":"https:\/\/egiarecords.com\/?post_type=product&#038;p=4977"},"modified":"2026-04-16T13:20:37","modified_gmt":"2026-04-16T11:20:37","slug":"j-dilla-ruff-draft-dillas-mix-the-instrumentals","status":"publish","type":"product","link":"https:\/\/egiarecords.com\/eu\/denda\/j-dilla-ruff-draft-dillas-mix-the-instrumentals\/","title":{"rendered":"J Dilla &#8211; Ruff Draft Beats"},"content":{"rendered":"<p>Es J Dilla en su estado m\u00e1s crudo y experimental, alej\u00e1ndose de la pulcritud comercial para abrazar un sonido sucio, distorsionado y profundamente anal\u00f3gico.<\/p>\n","protected":false},"excerpt":{"rendered":"<p>Es J Dilla en su estado m\u00e1s crudo y experimental, alej\u00e1ndose de la pulcritud comercial para abrazar un sonido sucio, distorsionado y profundamente anal\u00f3gico.<\/p>\n","protected":false},"featured_media":5090,"template":"","meta":[],"product_brand":[],"product_cat":[689],"product_tag":[],"sello":[1481,983],"artista":[982],"class_list":{"0":"post-4977","1":"product","2":"type-product","3":"status-publish","4":"has-post-thumbnail","6":"product_cat-vinilos","7":"sello-pay-jay-productions","8":"sello-stones-throw-records","9":"artista-j-dilla","10":"fecha-658","11":"estilo-instrumental","13":"first","14":"outofstock","15":"taxable","16":"shipping-taxable","17":"purchasable","18":"product-type-simple"},"_links":{"self":[{"href":"https:\/\/egiarecords.com\/eu\/wp-json\/wp\/v2\/product\/4977","targetHints":{"allow":["GET"]}}],"collection":[{"href":"https:\/\/egiarecords.com\/eu\/wp-json\/wp\/v2\/product"}],"about":[{"href":"https:\/\/egiarecords.com\/eu\/wp-json\/wp\/v2\/types\/product"}],"wp:featuredmedia":[{"embeddable":true,"href":"https:\/\/egiarecords.com\/eu\/wp-json\/wp\/v2\/media\/5090"}],"wp:attachment":[{"href":"https:\/\/egiarecords.com\/eu\/wp-json\/wp\/v2\/media?parent=4977"}],"wp:term":[{"taxonomy":"product_brand","embeddable":true,"href":"https:\/\/egiarecords.com\/eu\/wp-json\/wp\/v2\/product_brand?post=4977"},{"taxonomy":"product_cat","embeddable":true,"href":"https:\/\/egiarecords.com\/eu\/wp-json\/wp\/v2\/product_cat?post=4977"},{"taxonomy":"product_tag","embeddable":true,"href":"https:\/\/egiarecords.com\/eu\/wp-json\/wp\/v2\/product_tag?post=4977"},{"taxonomy":"sello","embeddable":true,"href":"https:\/\/egiarecords.com\/eu\/wp-json\/wp\/v2\/sello?post=4977"},{"taxonomy":"artista","embeddable":true,"href":"https:\/\/egiarecords.com\/eu\/wp-json\/wp\/v2\/artista?post=4977"}],"curies":[{"name":"wp","href":"https:\/\/api.w.org\/{rel}","templated":true}]}}