{"id":4959,"date":"2026-02-26T20:29:35","date_gmt":"2026-02-26T19:29:35","guid":{"rendered":"https:\/\/egiarecords.com\/?post_type=product&#038;p=4959"},"modified":"2026-02-26T20:29:36","modified_gmt":"2026-02-26T19:29:36","slug":"johnny-cash-sings-the-songs-that-made-him-famous","status":"publish","type":"product","link":"https:\/\/egiarecords.com\/eu\/denda\/johnny-cash-sings-the-songs-that-made-him-famous\/","title":{"rendered":"Johnny Cash &#8211; Sings The Songs That Made Him Famous"},"content":{"rendered":"<p>Es una colecci\u00f3n definitiva de sus primeros a\u00f1os en Sun Records, donde se encuentran himnos que definieron no solo su carrera, sino el sonido de la m\u00fasica americana, como &#8216;I Walk the Line&#8217; y &#8216;Ballad of a Teenage Queen<\/p>\n","protected":false},"excerpt":{"rendered":"<p>Es una colecci\u00f3n definitiva de sus primeros a\u00f1os en Sun Records, donde se encuentran himnos que definieron no solo su carrera, sino el sonido de la m\u00fasica americana, como &#8216;I Walk the Line&#8217; y &#8216;Ballad of a Teenage Queen<\/p>\n","protected":false},"featured_media":4963,"template":"","meta":[],"product_brand":[],"product_cat":[689],"product_tag":[],"sello":[1477,1478],"artista":[469],"class_list":{"0":"post-4959","1":"product","2":"type-product","3":"status-publish","4":"has-post-thumbnail","6":"product_cat-vinilos","7":"sello-org-music","8":"sello-sun","9":"artista-johnny-cash","10":"fecha-310","11":"estilo-country","13":"first","14":"instock","15":"taxable","16":"shipping-taxable","17":"purchasable","18":"product-type-simple"},"_links":{"self":[{"href":"https:\/\/egiarecords.com\/eu\/wp-json\/wp\/v2\/product\/4959","targetHints":{"allow":["GET"]}}],"collection":[{"href":"https:\/\/egiarecords.com\/eu\/wp-json\/wp\/v2\/product"}],"about":[{"href":"https:\/\/egiarecords.com\/eu\/wp-json\/wp\/v2\/types\/product"}],"wp:featuredmedia":[{"embeddable":true,"href":"https:\/\/egiarecords.com\/eu\/wp-json\/wp\/v2\/media\/4963"}],"wp:attachment":[{"href":"https:\/\/egiarecords.com\/eu\/wp-json\/wp\/v2\/media?parent=4959"}],"wp:term":[{"taxonomy":"product_brand","embeddable":true,"href":"https:\/\/egiarecords.com\/eu\/wp-json\/wp\/v2\/product_brand?post=4959"},{"taxonomy":"product_cat","embeddable":true,"href":"https:\/\/egiarecords.com\/eu\/wp-json\/wp\/v2\/product_cat?post=4959"},{"taxonomy":"product_tag","embeddable":true,"href":"https:\/\/egiarecords.com\/eu\/wp-json\/wp\/v2\/product_tag?post=4959"},{"taxonomy":"sello","embeddable":true,"href":"https:\/\/egiarecords.com\/eu\/wp-json\/wp\/v2\/sello?post=4959"},{"taxonomy":"artista","embeddable":true,"href":"https:\/\/egiarecords.com\/eu\/wp-json\/wp\/v2\/artista?post=4959"}],"curies":[{"name":"wp","href":"https:\/\/api.w.org\/{rel}","templated":true}]}}