{"id":4923,"date":"2026-02-26T12:24:35","date_gmt":"2026-02-26T11:24:35","guid":{"rendered":"https:\/\/egiarecords.com\/?post_type=product&#038;p=4923"},"modified":"2026-03-05T12:50:56","modified_gmt":"2026-03-05T11:50:56","slug":"bsn-posse-take-me-back-to-the-south","status":"publish","type":"product","link":"https:\/\/egiarecords.com\/eu\/denda\/bsn-posse-take-me-back-to-the-south\/","title":{"rendered":"BSN Posse &#8211; Take Me Back To The South"},"content":{"rendered":"<p>Es una carta de amor a sus ra\u00edces andaluzas filtrada a trav\u00e9s de la herencia de Chicago, donde el <i data-path-to-node=\"2,0,0\" data-index-in-node=\"114\">footwork<\/i> y el <i data-path-to-node=\"2,0,0\" data-index-in-node=\"128\">juke<\/i> se encuentran con el alma del sur en una mezcla de ritmos fren\u00e9ticos y atm\u00f3sferas envolventes<\/p>\n<p>Con este trabajo, el d\u00fao malague\u00f1o demostr\u00f3 que la electr\u00f3nica de vanguardia no entiende de fronteras, construyendo un puente sonoro entre el Mediterr\u00e1neo y los clubes m\u00e1s avanzados del Reino Unido y EE. UU.<\/p>\n","protected":false},"excerpt":{"rendered":"<p>Es una carta de amor a sus ra\u00edces andaluzas filtrada a trav\u00e9s de la herencia de Chicago, donde el footwork y el juke se encuentran con el alma del sur en una mezcla de ritmos fren\u00e9ticos y atm\u00f3sferas envolventes Con este trabajo, el d\u00fao malague\u00f1o demostr\u00f3 que la electr\u00f3nica de vanguardia no entiende de fronteras, [&hellip;]<\/p>\n","protected":false},"featured_media":4927,"template":"","meta":[],"product_brand":[],"product_cat":[689],"product_tag":[],"sello":[1468],"artista":[1467],"class_list":{"0":"post-4923","1":"product","2":"type-product","3":"status-publish","4":"has-post-thumbnail","6":"product_cat-vinilos","7":"sello-iberian-juke","8":"artista-bsn-posse","9":"fecha-528","10":"estilo-balearic-footwork","11":"estilo-footwork","12":"estilo-juke","13":"estilo-jungle","15":"first","16":"instock","17":"taxable","18":"shipping-taxable","19":"purchasable","20":"product-type-simple"},"_links":{"self":[{"href":"https:\/\/egiarecords.com\/eu\/wp-json\/wp\/v2\/product\/4923","targetHints":{"allow":["GET"]}}],"collection":[{"href":"https:\/\/egiarecords.com\/eu\/wp-json\/wp\/v2\/product"}],"about":[{"href":"https:\/\/egiarecords.com\/eu\/wp-json\/wp\/v2\/types\/product"}],"wp:featuredmedia":[{"embeddable":true,"href":"https:\/\/egiarecords.com\/eu\/wp-json\/wp\/v2\/media\/4927"}],"wp:attachment":[{"href":"https:\/\/egiarecords.com\/eu\/wp-json\/wp\/v2\/media?parent=4923"}],"wp:term":[{"taxonomy":"product_brand","embeddable":true,"href":"https:\/\/egiarecords.com\/eu\/wp-json\/wp\/v2\/product_brand?post=4923"},{"taxonomy":"product_cat","embeddable":true,"href":"https:\/\/egiarecords.com\/eu\/wp-json\/wp\/v2\/product_cat?post=4923"},{"taxonomy":"product_tag","embeddable":true,"href":"https:\/\/egiarecords.com\/eu\/wp-json\/wp\/v2\/product_tag?post=4923"},{"taxonomy":"sello","embeddable":true,"href":"https:\/\/egiarecords.com\/eu\/wp-json\/wp\/v2\/sello?post=4923"},{"taxonomy":"artista","embeddable":true,"href":"https:\/\/egiarecords.com\/eu\/wp-json\/wp\/v2\/artista?post=4923"}],"curies":[{"name":"wp","href":"https:\/\/api.w.org\/{rel}","templated":true}]}}