{"id":4880,"date":"2026-02-25T19:00:03","date_gmt":"2026-02-25T18:00:03","guid":{"rendered":"https:\/\/egiarecords.com\/?post_type=product&#038;p=4880"},"modified":"2026-02-25T19:00:03","modified_gmt":"2026-02-25T18:00:03","slug":"freddie-gibbs-bandana-2","status":"publish","type":"product","link":"https:\/\/egiarecords.com\/eu\/denda\/freddie-gibbs-bandana-2\/","title":{"rendered":"Freddie Gibbs &#8211; Bandana"},"content":{"rendered":"<p>A medio camino entre el realismo crudo del narcotr\u00e1fico y la sofisticaci\u00f3n del jazz-rap, <i data-path-to-node=\"2,2,0\" data-index-in-node=\"108\">Bandana<\/i> se siente como un cl\u00e1sico instant\u00e1neo que eleva el list\u00f3n de lo que puede ser un \u00e1lbum de hip hop moderno<\/p>\n","protected":false},"excerpt":{"rendered":"<p>A medio camino entre el realismo crudo del narcotr\u00e1fico y la sofisticaci\u00f3n del jazz-rap, Bandana se siente como un cl\u00e1sico instant\u00e1neo que eleva el list\u00f3n de lo que puede ser un \u00e1lbum de hip hop moderno<\/p>\n","protected":false},"featured_media":4882,"template":"","meta":[],"product_brand":[],"product_cat":[689],"product_tag":[],"sello":[1439,1440,1438,79],"artista":[1437,534],"class_list":{"0":"post-4880","1":"product","2":"type-product","3":"status-publish","4":"has-post-thumbnail","6":"product_cat-vinilos","7":"sello-esgn","8":"sello-keep-cool","9":"sello-madlib-invazion","10":"sello-rca","11":"artista-freddie-gibbs","12":"artista-madlib","13":"fecha-320","14":"estilo-boom-bap","15":"estilo-conscious","16":"estilo-gangsta","17":"estilo-jazzy-hip-hop","19":"first","20":"instock","21":"taxable","22":"shipping-taxable","23":"purchasable","24":"product-type-simple"},"_links":{"self":[{"href":"https:\/\/egiarecords.com\/eu\/wp-json\/wp\/v2\/product\/4880","targetHints":{"allow":["GET"]}}],"collection":[{"href":"https:\/\/egiarecords.com\/eu\/wp-json\/wp\/v2\/product"}],"about":[{"href":"https:\/\/egiarecords.com\/eu\/wp-json\/wp\/v2\/types\/product"}],"wp:featuredmedia":[{"embeddable":true,"href":"https:\/\/egiarecords.com\/eu\/wp-json\/wp\/v2\/media\/4882"}],"wp:attachment":[{"href":"https:\/\/egiarecords.com\/eu\/wp-json\/wp\/v2\/media?parent=4880"}],"wp:term":[{"taxonomy":"product_brand","embeddable":true,"href":"https:\/\/egiarecords.com\/eu\/wp-json\/wp\/v2\/product_brand?post=4880"},{"taxonomy":"product_cat","embeddable":true,"href":"https:\/\/egiarecords.com\/eu\/wp-json\/wp\/v2\/product_cat?post=4880"},{"taxonomy":"product_tag","embeddable":true,"href":"https:\/\/egiarecords.com\/eu\/wp-json\/wp\/v2\/product_tag?post=4880"},{"taxonomy":"sello","embeddable":true,"href":"https:\/\/egiarecords.com\/eu\/wp-json\/wp\/v2\/sello?post=4880"},{"taxonomy":"artista","embeddable":true,"href":"https:\/\/egiarecords.com\/eu\/wp-json\/wp\/v2\/artista?post=4880"}],"curies":[{"name":"wp","href":"https:\/\/api.w.org\/{rel}","templated":true}]}}