{"id":4859,"date":"2026-02-24T20:19:51","date_gmt":"2026-02-24T19:19:51","guid":{"rendered":"https:\/\/egiarecords.com\/?post_type=product&#038;p=4859"},"modified":"2026-03-26T18:44:05","modified_gmt":"2026-03-26T17:44:05","slug":"fontaines-d-c-romance","status":"publish","type":"product","link":"https:\/\/egiarecords.com\/eu\/denda\/fontaines-d-c-romance\/","title":{"rendered":"Fontaines D.C. &#8211; Romance"},"content":{"rendered":"<p>Inspirado por el anime, la moda dist\u00f3pica y el cine de ciencia ficci\u00f3n, el \u00e1lbum presenta una visi\u00f3n del romance que es a la vez surrealista y visceral, explorando la belleza en medio del caos moderno.<\/p>\n","protected":false},"excerpt":{"rendered":"<p>Inspirado por el anime, la moda dist\u00f3pica y el cine de ciencia ficci\u00f3n, el \u00e1lbum presenta una visi\u00f3n del romance que es a la vez surrealista y visceral, explorando la belleza en medio del caos moderno.<\/p>\n","protected":false},"featured_media":4861,"template":"","meta":[],"product_brand":[],"product_cat":[689],"product_tag":[],"sello":[66],"artista":[1450],"class_list":{"0":"post-4859","1":"product","2":"type-product","3":"status-publish","4":"has-post-thumbnail","6":"product_cat-vinilos","7":"sello-xl-recordings","8":"artista-fontaines-d-c","9":"fecha-334","10":"estilo-indie-rock","11":"estilo-post-rock","12":"estilo-post-punk","14":"first","15":"outofstock","16":"taxable","17":"shipping-taxable","18":"purchasable","19":"product-type-simple"},"_links":{"self":[{"href":"https:\/\/egiarecords.com\/eu\/wp-json\/wp\/v2\/product\/4859","targetHints":{"allow":["GET"]}}],"collection":[{"href":"https:\/\/egiarecords.com\/eu\/wp-json\/wp\/v2\/product"}],"about":[{"href":"https:\/\/egiarecords.com\/eu\/wp-json\/wp\/v2\/types\/product"}],"wp:featuredmedia":[{"embeddable":true,"href":"https:\/\/egiarecords.com\/eu\/wp-json\/wp\/v2\/media\/4861"}],"wp:attachment":[{"href":"https:\/\/egiarecords.com\/eu\/wp-json\/wp\/v2\/media?parent=4859"}],"wp:term":[{"taxonomy":"product_brand","embeddable":true,"href":"https:\/\/egiarecords.com\/eu\/wp-json\/wp\/v2\/product_brand?post=4859"},{"taxonomy":"product_cat","embeddable":true,"href":"https:\/\/egiarecords.com\/eu\/wp-json\/wp\/v2\/product_cat?post=4859"},{"taxonomy":"product_tag","embeddable":true,"href":"https:\/\/egiarecords.com\/eu\/wp-json\/wp\/v2\/product_tag?post=4859"},{"taxonomy":"sello","embeddable":true,"href":"https:\/\/egiarecords.com\/eu\/wp-json\/wp\/v2\/sello?post=4859"},{"taxonomy":"artista","embeddable":true,"href":"https:\/\/egiarecords.com\/eu\/wp-json\/wp\/v2\/artista?post=4859"}],"curies":[{"name":"wp","href":"https:\/\/api.w.org\/{rel}","templated":true}]}}