{"id":4839,"date":"2026-02-24T19:23:10","date_gmt":"2026-02-24T18:23:10","guid":{"rendered":"https:\/\/egiarecords.com\/?post_type=product&#038;p=4839"},"modified":"2026-02-24T19:23:10","modified_gmt":"2026-02-24T18:23:10","slug":"colter-wall-imaginary-appalachia","status":"publish","type":"product","link":"https:\/\/egiarecords.com\/eu\/denda\/colter-wall-imaginary-appalachia\/","title":{"rendered":"Colter Wall &#8211; Imaginary Appalachia"},"content":{"rendered":"<p>Es un \u00e1lbum desnudo y crudo, donde el folk y el country se encuentran en su forma m\u00e1s pura: una guitarra ac\u00fastica, un banjo ocasional y letras que parecen sacadas de un libro de cuentos oscuros de la frontera.<\/p>\n","protected":false},"excerpt":{"rendered":"<p>Es un \u00e1lbum desnudo y crudo, donde el folk y el country se encuentran en su forma m\u00e1s pura: una guitarra ac\u00fastica, un banjo ocasional y letras que parecen sacadas de un libro de cuentos oscuros de la frontera.<\/p>\n","protected":false},"featured_media":4843,"template":"","meta":[],"product_brand":[],"product_cat":[689],"product_tag":[],"sello":[1448],"artista":[1447],"class_list":{"0":"post-4839","1":"product","2":"type-product","3":"status-publish","4":"has-post-thumbnail","6":"product_cat-vinilos","7":"sello-rca-records","8":"artista-colter-wall","9":"fecha-305","10":"estilo-country","12":"first","13":"instock","14":"taxable","15":"shipping-taxable","16":"purchasable","17":"product-type-simple"},"_links":{"self":[{"href":"https:\/\/egiarecords.com\/eu\/wp-json\/wp\/v2\/product\/4839","targetHints":{"allow":["GET"]}}],"collection":[{"href":"https:\/\/egiarecords.com\/eu\/wp-json\/wp\/v2\/product"}],"about":[{"href":"https:\/\/egiarecords.com\/eu\/wp-json\/wp\/v2\/types\/product"}],"wp:featuredmedia":[{"embeddable":true,"href":"https:\/\/egiarecords.com\/eu\/wp-json\/wp\/v2\/media\/4843"}],"wp:attachment":[{"href":"https:\/\/egiarecords.com\/eu\/wp-json\/wp\/v2\/media?parent=4839"}],"wp:term":[{"taxonomy":"product_brand","embeddable":true,"href":"https:\/\/egiarecords.com\/eu\/wp-json\/wp\/v2\/product_brand?post=4839"},{"taxonomy":"product_cat","embeddable":true,"href":"https:\/\/egiarecords.com\/eu\/wp-json\/wp\/v2\/product_cat?post=4839"},{"taxonomy":"product_tag","embeddable":true,"href":"https:\/\/egiarecords.com\/eu\/wp-json\/wp\/v2\/product_tag?post=4839"},{"taxonomy":"sello","embeddable":true,"href":"https:\/\/egiarecords.com\/eu\/wp-json\/wp\/v2\/sello?post=4839"},{"taxonomy":"artista","embeddable":true,"href":"https:\/\/egiarecords.com\/eu\/wp-json\/wp\/v2\/artista?post=4839"}],"curies":[{"name":"wp","href":"https:\/\/api.w.org\/{rel}","templated":true}]}}